{"id":16635,"date":"2025-08-21T11:47:11","date_gmt":"2025-08-21T14:47:11","guid":{"rendered":"https:\/\/www.maquinasombu.com.ar\/?post_type=product&#038;p=16635"},"modified":"2025-08-21T11:50:41","modified_gmt":"2025-08-21T14:50:41","slug":"rastra-acondicionadora-rao","status":"publish","type":"product","link":"https:\/\/www.maquinasombu.com.ar\/en\/p\/rastra-acondicionadora-rao\/","title":{"rendered":"Rastra Acondicionadora RAO"},"content":{"rendered":"<p>Rastra articulada.<\/p>\n<p>Ancho de trabajo 6 metros.<\/p>\n<p>Sistema de discos con bajadas individuales, Discos \u00d8 22\u201d \u2013 Borra surcos \u00d8 20\u201d que evita el bordeo lateral.<\/p>\n<p>Profundidad de trabajo 0 \u2013 120mm. Regulada por el sistema de rolos desterronadores balanc\u00edn con un rolo delantero de mayor di\u00e1metro, \u00d8 480mm. fabricado con redondos dispuestos de forma helicoidal y rolo trasero de menor di\u00e1metro \u00d8420mm. fabricado con planchuelas dispuestas de forma perpendicular al avance de la m\u00e1quina, que culmina la rotura de terrones. Accionados mediante cilindros hidr\u00e1ulicos compensados para asegurar una regulaci\u00f3n uniforme en todo el ancho de trabajo de\u00a0 la m\u00e1quina, la profundidad de trabajo puede variar seg\u00fan las condiciones de suelo.<\/p>\n<p>Velocidad de trabajo entre 15 \u2013 16km\/h<\/p>\n<p>Potencia requerida 250 &#8211; 260HP<\/p>\n<p>Rodado 600\/55 R 22.5\u201d<\/p>\n<p>Sistema de nivelaci\u00f3n de alas a rosca, para asegurar un correcto nivelado de las alas con respecto al chasis central.<\/p>\n<p>Electrov\u00e1lvula que divide los comandos entre regulaci\u00f3n de altura de lanza e inclinaci\u00f3n de la rastra hacia adelante y coloca el sistema de alas en flotaci\u00f3n para asegurar el copiado de terreno y la correcta nivelaci\u00f3n del mismo.<\/p>\n<p>Regulaci\u00f3n de inclinaci\u00f3n de chasis con respecto a la lanza mediante un cilindro hidr\u00e1ulico con un sistema de topes a resortes, para asegurar la posici\u00f3n del cilindro y la \u00a0inclinaci\u00f3n deseada en todo momento del trabajo.<\/p>\n<p>Regulaci\u00f3n de paquete delantero para distintos trabajos y cruce de paquete delantero con respecto al trasero, con sistema de topes que asegura la posici\u00f3n en el trabajo y adem\u00e1s evita que los discos delanteros se muevan en posici\u00f3n de transporte.<\/p>\n<p>Paquetes de discos traseros fijos.<\/p>","protected":false},"excerpt":{"rendered":"<p>Rastra Acondicionadora Ombu &#8211; RAO<\/p>","protected":false},"featured_media":16636,"template":"","meta":{"ocean_post_layout":"","ocean_both_sidebars_style":"","ocean_both_sidebars_content_width":0,"ocean_both_sidebars_sidebars_width":0,"ocean_sidebar":"0","ocean_second_sidebar":"0","ocean_disable_margins":"enable","ocean_add_body_class":"","ocean_shortcode_before_top_bar":"","ocean_shortcode_after_top_bar":"","ocean_shortcode_before_header":"","ocean_shortcode_after_header":"","ocean_has_shortcode":"","ocean_shortcode_after_title":"","ocean_shortcode_before_footer_widgets":"","ocean_shortcode_after_footer_widgets":"","ocean_shortcode_before_footer_bottom":"","ocean_shortcode_after_footer_bottom":"","ocean_display_top_bar":"default","ocean_display_header":"default","ocean_header_style":"","ocean_center_header_left_menu":"0","ocean_custom_header_template":"0","ocean_custom_logo":0,"ocean_custom_retina_logo":0,"ocean_custom_logo_max_width":0,"ocean_custom_logo_tablet_max_width":0,"ocean_custom_logo_mobile_max_width":0,"ocean_custom_logo_max_height":0,"ocean_custom_logo_tablet_max_height":0,"ocean_custom_logo_mobile_max_height":0,"ocean_header_custom_menu":"0","ocean_menu_typo_font_family":"0","ocean_menu_typo_font_subset":"","ocean_menu_typo_font_size":0,"ocean_menu_typo_font_size_tablet":0,"ocean_menu_typo_font_size_mobile":0,"ocean_menu_typo_font_size_unit":"px","ocean_menu_typo_font_weight":"","ocean_menu_typo_font_weight_tablet":"","ocean_menu_typo_font_weight_mobile":"","ocean_menu_typo_transform":"","ocean_menu_typo_transform_tablet":"","ocean_menu_typo_transform_mobile":"","ocean_menu_typo_line_height":0,"ocean_menu_typo_line_height_tablet":0,"ocean_menu_typo_line_height_mobile":0,"ocean_menu_typo_line_height_unit":"","ocean_menu_typo_spacing":0,"ocean_menu_typo_spacing_tablet":0,"ocean_menu_typo_spacing_mobile":0,"ocean_menu_typo_spacing_unit":"","ocean_menu_link_color":"","ocean_menu_link_color_hover":"","ocean_menu_link_color_active":"","ocean_menu_link_background":"","ocean_menu_link_hover_background":"","ocean_menu_link_active_background":"","ocean_menu_social_links_bg":"","ocean_menu_social_hover_links_bg":"","ocean_menu_social_links_color":"","ocean_menu_social_hover_links_color":"","ocean_disable_title":"default","ocean_disable_heading":"default","ocean_post_title":"","ocean_post_subheading":"","ocean_post_title_style":"","ocean_post_title_background_color":"","ocean_post_title_background":0,"ocean_post_title_bg_image_position":"","ocean_post_title_bg_image_attachment":"","ocean_post_title_bg_image_repeat":"","ocean_post_title_bg_image_size":"","ocean_post_title_height":0,"ocean_post_title_bg_overlay":0.5,"ocean_post_title_bg_overlay_color":"","ocean_disable_breadcrumbs":"default","ocean_breadcrumbs_color":"","ocean_breadcrumbs_separator_color":"","ocean_breadcrumbs_links_color":"","ocean_breadcrumbs_links_hover_color":"","ocean_display_footer_widgets":"default","ocean_display_footer_bottom":"default","ocean_custom_footer_template":"0","omw_enable_modal_window":"enable"},"product_brand":[],"product_cat":[32,22,66],"product_tag":[20],"class_list":{"0":"post-16635","1":"product","2":"type-product","3":"status-publish","4":"has-post-thumbnail","6":"product_cat-labranza","7":"product_cat-maquinaria","8":"product_cat-productos","9":"product_tag-nuevo","11":"entry","12":"has-media","14":"first","15":"instock","16":"shipping-taxable","17":"product-type-simple","18":"col","19":"span_1_of_4","20":"owp-content-center","21":"owp-thumbs-layout-horizontal","22":"owp-btn-normal","23":"owp-tabs-layout-horizontal"},"yoast_head":"<!-- This site is optimized with the Yoast SEO plugin v21.4 - https:\/\/yoast.com\/wordpress\/plugins\/seo\/ -->\n<title>Rastra Acondicionadora RAO &#187; Ombu<\/title>\n<meta name=\"robots\" content=\"index, follow, max-snippet:-1, max-image-preview:large, max-video-preview:-1\" \/>\n<link rel=\"canonical\" href=\"https:\/\/www.maquinasombu.com.ar\/en\/p\/rastra-acondicionadora-rao\/\" \/>\n<meta property=\"og:locale\" content=\"en_US\" \/>\n<meta property=\"og:type\" content=\"article\" \/>\n<meta property=\"og:title\" content=\"Rastra Acondicionadora RAO &#187; Ombu\" \/>\n<meta property=\"og:description\" content=\"Rastra Acondicionadora Ombu - RAO\" \/>\n<meta property=\"og:url\" content=\"https:\/\/www.maquinasombu.com.ar\/en\/p\/rastra-acondicionadora-rao\/\" \/>\n<meta property=\"og:site_name\" content=\"Ombu\" \/>\n<meta property=\"article:modified_time\" content=\"2025-08-21T14:50:41+00:00\" \/>\n<meta property=\"og:image\" content=\"https:\/\/www.maquinasombu.com.ar\/wp-content\/uploads\/1-1-1024x1024.png\" \/>\n\t<meta property=\"og:image:width\" content=\"1024\" \/>\n\t<meta property=\"og:image:height\" content=\"1024\" \/>\n\t<meta property=\"og:image:type\" content=\"image\/png\" \/>\n<meta name=\"twitter:card\" content=\"summary_large_image\" \/>\n<meta name=\"twitter:label1\" content=\"Est. reading time\" \/>\n\t<meta name=\"twitter:data1\" content=\"2 minutes\" \/>\n<script type=\"application\/ld+json\" class=\"yoast-schema-graph\">{\"@context\":\"https:\/\/schema.org\",\"@graph\":[{\"@type\":\"WebPage\",\"@id\":\"https:\/\/www.maquinasombu.com.ar\/p\/rastra-acondicionadora-rao\/\",\"url\":\"https:\/\/www.maquinasombu.com.ar\/p\/rastra-acondicionadora-rao\/\",\"name\":\"Rastra Acondicionadora RAO &#187; Ombu\",\"isPartOf\":{\"@id\":\"https:\/\/www.maquinasombu.com.ar\/#website\"},\"datePublished\":\"2025-08-21T14:47:11+00:00\",\"dateModified\":\"2025-08-21T14:50:41+00:00\",\"breadcrumb\":{\"@id\":\"https:\/\/www.maquinasombu.com.ar\/p\/rastra-acondicionadora-rao\/#breadcrumb\"},\"inLanguage\":\"en-US\",\"potentialAction\":[{\"@type\":\"ReadAction\",\"target\":[\"https:\/\/www.maquinasombu.com.ar\/p\/rastra-acondicionadora-rao\/\"]}]},{\"@type\":\"BreadcrumbList\",\"@id\":\"https:\/\/www.maquinasombu.com.ar\/p\/rastra-acondicionadora-rao\/#breadcrumb\",\"itemListElement\":[{\"@type\":\"ListItem\",\"position\":1,\"name\":\"Inicio\",\"item\":\"https:\/\/www.maquinasombu.com.ar\/\"},{\"@type\":\"ListItem\",\"position\":2,\"name\":\"Productos\",\"item\":\"https:\/\/www.maquinasombu.com.ar\/productos\/\"},{\"@type\":\"ListItem\",\"position\":3,\"name\":\"Rastra Acondicionadora RAO\"}]},{\"@type\":\"WebSite\",\"@id\":\"https:\/\/www.maquinasombu.com.ar\/#website\",\"url\":\"https:\/\/www.maquinasombu.com.ar\/\",\"name\":\"Maquinas Omb\u00fa\",\"description\":\"Maquinarias Agr\u00edcolas y Remolques\",\"publisher\":{\"@id\":\"https:\/\/www.maquinasombu.com.ar\/#organization\"},\"alternateName\":\"Maquinas Omb\u00fa\",\"potentialAction\":[{\"@type\":\"SearchAction\",\"target\":{\"@type\":\"EntryPoint\",\"urlTemplate\":\"https:\/\/www.maquinasombu.com.ar\/?s={search_term_string}\"},\"query-input\":\"required name=search_term_string\"}],\"inLanguage\":\"en-US\"},{\"@type\":\"Organization\",\"@id\":\"https:\/\/www.maquinasombu.com.ar\/#organization\",\"name\":\"Maquinas Omb\u00fa\",\"alternateName\":\"Maquinas Omb\u00fa\",\"url\":\"https:\/\/www.maquinasombu.com.ar\/\",\"logo\":{\"@type\":\"ImageObject\",\"inLanguage\":\"en-US\",\"@id\":\"https:\/\/www.maquinasombu.com.ar\/#\/schema\/logo\/image\/\",\"url\":\"https:\/\/www.maquinasombu.com.ar\/wp-content\/uploads\/2019\/08\/ombu-logo.svg\",\"contentUrl\":\"https:\/\/www.maquinasombu.com.ar\/wp-content\/uploads\/2019\/08\/ombu-logo.svg\",\"caption\":\"Maquinas Omb\u00fa\"},\"image\":{\"@id\":\"https:\/\/www.maquinasombu.com.ar\/#\/schema\/logo\/image\/\"}}]}<\/script>\n<!-- \/ Yoast SEO plugin. -->","yoast_head_json":{"title":"Rastra Acondicionadora RAO &#187; Ombu","robots":{"index":"index","follow":"follow","max-snippet":"max-snippet:-1","max-image-preview":"max-image-preview:large","max-video-preview":"max-video-preview:-1"},"canonical":"https:\/\/www.maquinasombu.com.ar\/en\/p\/rastra-acondicionadora-rao\/","og_locale":"en_US","og_type":"article","og_title":"Rastra Acondicionadora RAO &#187; Ombu","og_description":"Rastra Acondicionadora Ombu - RAO","og_url":"https:\/\/www.maquinasombu.com.ar\/en\/p\/rastra-acondicionadora-rao\/","og_site_name":"Ombu","article_modified_time":"2025-08-21T14:50:41+00:00","og_image":[{"width":1024,"height":1024,"url":"https:\/\/www.maquinasombu.com.ar\/wp-content\/uploads\/1-1-1024x1024.png","type":"image\/png"}],"twitter_card":"summary_large_image","twitter_misc":{"Est. reading time":"2 minutes"},"schema":{"@context":"https:\/\/schema.org","@graph":[{"@type":"WebPage","@id":"https:\/\/www.maquinasombu.com.ar\/p\/rastra-acondicionadora-rao\/","url":"https:\/\/www.maquinasombu.com.ar\/p\/rastra-acondicionadora-rao\/","name":"Rastra Acondicionadora RAO &#187; Ombu","isPartOf":{"@id":"https:\/\/www.maquinasombu.com.ar\/#website"},"datePublished":"2025-08-21T14:47:11+00:00","dateModified":"2025-08-21T14:50:41+00:00","breadcrumb":{"@id":"https:\/\/www.maquinasombu.com.ar\/p\/rastra-acondicionadora-rao\/#breadcrumb"},"inLanguage":"en-US","potentialAction":[{"@type":"ReadAction","target":["https:\/\/www.maquinasombu.com.ar\/p\/rastra-acondicionadora-rao\/"]}]},{"@type":"BreadcrumbList","@id":"https:\/\/www.maquinasombu.com.ar\/p\/rastra-acondicionadora-rao\/#breadcrumb","itemListElement":[{"@type":"ListItem","position":1,"name":"Inicio","item":"https:\/\/www.maquinasombu.com.ar\/"},{"@type":"ListItem","position":2,"name":"Productos","item":"https:\/\/www.maquinasombu.com.ar\/productos\/"},{"@type":"ListItem","position":3,"name":"Rastra Acondicionadora RAO"}]},{"@type":"WebSite","@id":"https:\/\/www.maquinasombu.com.ar\/#website","url":"https:\/\/www.maquinasombu.com.ar\/","name":"Maquinas Omb\u00fa","description":"Maquinarias Agr\u00edcolas y Remolques","publisher":{"@id":"https:\/\/www.maquinasombu.com.ar\/#organization"},"alternateName":"Maquinas Omb\u00fa","potentialAction":[{"@type":"SearchAction","target":{"@type":"EntryPoint","urlTemplate":"https:\/\/www.maquinasombu.com.ar\/?s={search_term_string}"},"query-input":"required name=search_term_string"}],"inLanguage":"en-US"},{"@type":"Organization","@id":"https:\/\/www.maquinasombu.com.ar\/#organization","name":"Maquinas Omb\u00fa","alternateName":"Maquinas Omb\u00fa","url":"https:\/\/www.maquinasombu.com.ar\/","logo":{"@type":"ImageObject","inLanguage":"en-US","@id":"https:\/\/www.maquinasombu.com.ar\/#\/schema\/logo\/image\/","url":"https:\/\/www.maquinasombu.com.ar\/wp-content\/uploads\/2019\/08\/ombu-logo.svg","contentUrl":"https:\/\/www.maquinasombu.com.ar\/wp-content\/uploads\/2019\/08\/ombu-logo.svg","caption":"Maquinas Omb\u00fa"},"image":{"@id":"https:\/\/www.maquinasombu.com.ar\/#\/schema\/logo\/image\/"}}]}},"_links":{"self":[{"href":"https:\/\/www.maquinasombu.com.ar\/en\/wp-json\/wp\/v2\/product\/16635","targetHints":{"allow":["GET"]}}],"collection":[{"href":"https:\/\/www.maquinasombu.com.ar\/en\/wp-json\/wp\/v2\/product"}],"about":[{"href":"https:\/\/www.maquinasombu.com.ar\/en\/wp-json\/wp\/v2\/types\/product"}],"version-history":[{"count":1,"href":"https:\/\/www.maquinasombu.com.ar\/en\/wp-json\/wp\/v2\/product\/16635\/revisions"}],"predecessor-version":[{"id":16644,"href":"https:\/\/www.maquinasombu.com.ar\/en\/wp-json\/wp\/v2\/product\/16635\/revisions\/16644"}],"wp:featuredmedia":[{"embeddable":true,"href":"https:\/\/www.maquinasombu.com.ar\/en\/wp-json\/wp\/v2\/media\/16636"}],"wp:attachment":[{"href":"https:\/\/www.maquinasombu.com.ar\/en\/wp-json\/wp\/v2\/media?parent=16635"}],"wp:term":[{"taxonomy":"product_brand","embeddable":true,"href":"https:\/\/www.maquinasombu.com.ar\/en\/wp-json\/wp\/v2\/product_brand?post=16635"},{"taxonomy":"product_cat","embeddable":true,"href":"https:\/\/www.maquinasombu.com.ar\/en\/wp-json\/wp\/v2\/product_cat?post=16635"},{"taxonomy":"product_tag","embeddable":true,"href":"https:\/\/www.maquinasombu.com.ar\/en\/wp-json\/wp\/v2\/product_tag?post=16635"}],"curies":[{"name":"wp","href":"https:\/\/api.w.org\/{rel}","templated":true}]}}