{"id":16647,"date":"2025-08-21T12:02:01","date_gmt":"2025-08-21T15:02:01","guid":{"rendered":"https:\/\/www.maquinasombu.com.ar\/?post_type=product&#038;p=16647"},"modified":"2025-08-21T12:02:03","modified_gmt":"2025-08-21T15:02:03","slug":"desmalezadora-hileradora-dho-3200","status":"publish","type":"product","link":"https:\/\/www.maquinasombu.com.ar\/en\/p\/desmalezadora-hileradora-dho-3200\/","title":{"rendered":"Desmalezadora Hileradora DHO 3200"},"content":{"rendered":"<p>Ancho de trabajo 3200mm.<\/p>\n<p>Desmalezadora card\u00e1nica, con sistema de cuchillas comandado por sistema de cajas de transmisi\u00f3n.<\/p>\n<p>Sistema de hilerado regulable mediante pantallas traseras con registro de posici\u00f3n.<\/p>\n<p>Barra card\u00e1nica con zafes a ferodo para evitar roturas por golpes de torque elevado.<\/p>\n<p>Roddo 6.00 x 16\u201d<\/p>\n<p>Sistema de transporte por tiro de punta, mediante lanza que se rebate al momento del trabajo y lanza de trabajo que se rebate al momento de transporte.<\/p>\n<p>Potencia requerida 80hp.<\/p>\n<p>Sistema de elevaci\u00f3n mediante cilindro hidr\u00e1ulico y paralelogramo deformable.<\/p>\n<p>Sistema de traba para fijar la m\u00e1quina en posici\u00f3n de trabajo y poder quitar el cilindro hidr\u00e1ulico ante cualquier eventualidad.<\/p>\n<p>Sistema de inclinaci\u00f3n a rosca para evitar que las cuchillas corten y repiquen cuando se cortan cultivos que tienen re brote durante el a\u00f1o.<\/p>","protected":false},"excerpt":{"rendered":"<p>Ancho de trabajo 3200mm. Desmalezadora card\u00e1nica, con sistema de cuchillas comandado por sistema de cajas de transmisi\u00f3n. Sistema de hilerado regulable mediante pantallas traseras con registro de posici\u00f3n. Barra card\u00e1nica con zafes a ferodo para evitar roturas por golpes de torque elevado. Roddo 6.00 x 16\u201d Sistema de transporte por tiro de punta, mediante lanza [&hellip;]<\/p>","protected":false},"featured_media":16648,"template":"","meta":{"ocean_post_layout":"","ocean_both_sidebars_style":"","ocean_both_sidebars_content_width":0,"ocean_both_sidebars_sidebars_width":0,"ocean_sidebar":"0","ocean_second_sidebar":"0","ocean_disable_margins":"enable","ocean_add_body_class":"","ocean_shortcode_before_top_bar":"","ocean_shortcode_after_top_bar":"","ocean_shortcode_before_header":"","ocean_shortcode_after_header":"","ocean_has_shortcode":"","ocean_shortcode_after_title":"","ocean_shortcode_before_footer_widgets":"","ocean_shortcode_after_footer_widgets":"","ocean_shortcode_before_footer_bottom":"","ocean_shortcode_after_footer_bottom":"","ocean_display_top_bar":"default","ocean_display_header":"default","ocean_header_style":"","ocean_center_header_left_menu":"0","ocean_custom_header_template":"0","ocean_custom_logo":0,"ocean_custom_retina_logo":0,"ocean_custom_logo_max_width":0,"ocean_custom_logo_tablet_max_width":0,"ocean_custom_logo_mobile_max_width":0,"ocean_custom_logo_max_height":0,"ocean_custom_logo_tablet_max_height":0,"ocean_custom_logo_mobile_max_height":0,"ocean_header_custom_menu":"0","ocean_menu_typo_font_family":"0","ocean_menu_typo_font_subset":"","ocean_menu_typo_font_size":0,"ocean_menu_typo_font_size_tablet":0,"ocean_menu_typo_font_size_mobile":0,"ocean_menu_typo_font_size_unit":"px","ocean_menu_typo_font_weight":"","ocean_menu_typo_font_weight_tablet":"","ocean_menu_typo_font_weight_mobile":"","ocean_menu_typo_transform":"","ocean_menu_typo_transform_tablet":"","ocean_menu_typo_transform_mobile":"","ocean_menu_typo_line_height":0,"ocean_menu_typo_line_height_tablet":0,"ocean_menu_typo_line_height_mobile":0,"ocean_menu_typo_line_height_unit":"","ocean_menu_typo_spacing":0,"ocean_menu_typo_spacing_tablet":0,"ocean_menu_typo_spacing_mobile":0,"ocean_menu_typo_spacing_unit":"","ocean_menu_link_color":"","ocean_menu_link_color_hover":"","ocean_menu_link_color_active":"","ocean_menu_link_background":"","ocean_menu_link_hover_background":"","ocean_menu_link_active_background":"","ocean_menu_social_links_bg":"","ocean_menu_social_hover_links_bg":"","ocean_menu_social_links_color":"","ocean_menu_social_hover_links_color":"","ocean_disable_title":"default","ocean_disable_heading":"default","ocean_post_title":"","ocean_post_subheading":"","ocean_post_title_style":"","ocean_post_title_background_color":"","ocean_post_title_background":0,"ocean_post_title_bg_image_position":"","ocean_post_title_bg_image_attachment":"","ocean_post_title_bg_image_repeat":"","ocean_post_title_bg_image_size":"","ocean_post_title_height":0,"ocean_post_title_bg_overlay":0.5,"ocean_post_title_bg_overlay_color":"","ocean_disable_breadcrumbs":"default","ocean_breadcrumbs_color":"","ocean_breadcrumbs_separator_color":"","ocean_breadcrumbs_links_color":"","ocean_breadcrumbs_links_hover_color":"","ocean_display_footer_widgets":"default","ocean_display_footer_bottom":"default","ocean_custom_footer_template":"0","omw_enable_modal_window":"enable"},"product_brand":[],"product_cat":[31,22,66],"product_tag":[20],"class_list":{"0":"post-16647","1":"product","2":"type-product","3":"status-publish","4":"has-post-thumbnail","6":"product_cat-ganaderia","7":"product_cat-maquinaria","8":"product_cat-productos","9":"product_tag-nuevo","11":"entry","12":"has-media","14":"first","15":"instock","16":"shipping-taxable","17":"product-type-simple","18":"col","19":"span_1_of_4","20":"owp-content-center","21":"owp-thumbs-layout-horizontal","22":"owp-btn-normal","23":"owp-tabs-layout-horizontal","24":"has-no-thumbnails"},"yoast_head":"<!-- This site is optimized with the Yoast SEO plugin v21.4 - https:\/\/yoast.com\/wordpress\/plugins\/seo\/ -->\n<title>Desmalezadora Hileradora DHO 3200 &#187; Ombu<\/title>\n<meta name=\"robots\" content=\"index, follow, max-snippet:-1, max-image-preview:large, max-video-preview:-1\" \/>\n<link rel=\"canonical\" href=\"https:\/\/www.maquinasombu.com.ar\/en\/p\/desmalezadora-hileradora-dho-3200\/\" \/>\n<meta property=\"og:locale\" content=\"en_US\" \/>\n<meta property=\"og:type\" content=\"article\" \/>\n<meta property=\"og:title\" content=\"Desmalezadora Hileradora DHO 3200 &#187; Ombu\" \/>\n<meta property=\"og:description\" content=\"Ancho de trabajo 3200mm. Desmalezadora card\u00e1nica, con sistema de cuchillas comandado por sistema de cajas de transmisi\u00f3n. Sistema de hilerado regulable mediante pantallas traseras con registro de posici\u00f3n. Barra card\u00e1nica con zafes a ferodo para evitar roturas por golpes de torque elevado. Roddo 6.00 x 16\u201d Sistema de transporte por tiro de punta, mediante lanza [&hellip;]\" \/>\n<meta property=\"og:url\" content=\"https:\/\/www.maquinasombu.com.ar\/en\/p\/desmalezadora-hileradora-dho-3200\/\" \/>\n<meta property=\"og:site_name\" content=\"Ombu\" \/>\n<meta property=\"article:modified_time\" content=\"2025-08-21T15:02:03+00:00\" \/>\n<meta property=\"og:image\" content=\"https:\/\/www.maquinasombu.com.ar\/wp-content\/uploads\/PORTADA-DHO-3200-957x1024.png\" \/>\n\t<meta property=\"og:image:width\" content=\"957\" \/>\n\t<meta property=\"og:image:height\" content=\"1024\" \/>\n\t<meta property=\"og:image:type\" content=\"image\/png\" \/>\n<meta name=\"twitter:card\" content=\"summary_large_image\" \/>\n<meta name=\"twitter:label1\" content=\"Est. reading time\" \/>\n\t<meta name=\"twitter:data1\" content=\"1 minute\" \/>\n<script type=\"application\/ld+json\" class=\"yoast-schema-graph\">{\"@context\":\"https:\/\/schema.org\",\"@graph\":[{\"@type\":\"WebPage\",\"@id\":\"https:\/\/www.maquinasombu.com.ar\/p\/desmalezadora-hileradora-dho-3200\/\",\"url\":\"https:\/\/www.maquinasombu.com.ar\/p\/desmalezadora-hileradora-dho-3200\/\",\"name\":\"Desmalezadora Hileradora DHO 3200 &#187; Ombu\",\"isPartOf\":{\"@id\":\"https:\/\/www.maquinasombu.com.ar\/#website\"},\"datePublished\":\"2025-08-21T15:02:01+00:00\",\"dateModified\":\"2025-08-21T15:02:03+00:00\",\"breadcrumb\":{\"@id\":\"https:\/\/www.maquinasombu.com.ar\/p\/desmalezadora-hileradora-dho-3200\/#breadcrumb\"},\"inLanguage\":\"en-US\",\"potentialAction\":[{\"@type\":\"ReadAction\",\"target\":[\"https:\/\/www.maquinasombu.com.ar\/p\/desmalezadora-hileradora-dho-3200\/\"]}]},{\"@type\":\"BreadcrumbList\",\"@id\":\"https:\/\/www.maquinasombu.com.ar\/p\/desmalezadora-hileradora-dho-3200\/#breadcrumb\",\"itemListElement\":[{\"@type\":\"ListItem\",\"position\":1,\"name\":\"Inicio\",\"item\":\"https:\/\/www.maquinasombu.com.ar\/\"},{\"@type\":\"ListItem\",\"position\":2,\"name\":\"Productos\",\"item\":\"https:\/\/www.maquinasombu.com.ar\/productos\/\"},{\"@type\":\"ListItem\",\"position\":3,\"name\":\"Desmalezadora Hileradora DHO 3200\"}]},{\"@type\":\"WebSite\",\"@id\":\"https:\/\/www.maquinasombu.com.ar\/#website\",\"url\":\"https:\/\/www.maquinasombu.com.ar\/\",\"name\":\"Maquinas Omb\u00fa\",\"description\":\"Maquinarias Agr\u00edcolas y Remolques\",\"publisher\":{\"@id\":\"https:\/\/www.maquinasombu.com.ar\/#organization\"},\"alternateName\":\"Maquinas Omb\u00fa\",\"potentialAction\":[{\"@type\":\"SearchAction\",\"target\":{\"@type\":\"EntryPoint\",\"urlTemplate\":\"https:\/\/www.maquinasombu.com.ar\/?s={search_term_string}\"},\"query-input\":\"required name=search_term_string\"}],\"inLanguage\":\"en-US\"},{\"@type\":\"Organization\",\"@id\":\"https:\/\/www.maquinasombu.com.ar\/#organization\",\"name\":\"Maquinas Omb\u00fa\",\"alternateName\":\"Maquinas Omb\u00fa\",\"url\":\"https:\/\/www.maquinasombu.com.ar\/\",\"logo\":{\"@type\":\"ImageObject\",\"inLanguage\":\"en-US\",\"@id\":\"https:\/\/www.maquinasombu.com.ar\/#\/schema\/logo\/image\/\",\"url\":\"https:\/\/www.maquinasombu.com.ar\/wp-content\/uploads\/2019\/08\/ombu-logo.svg\",\"contentUrl\":\"https:\/\/www.maquinasombu.com.ar\/wp-content\/uploads\/2019\/08\/ombu-logo.svg\",\"caption\":\"Maquinas Omb\u00fa\"},\"image\":{\"@id\":\"https:\/\/www.maquinasombu.com.ar\/#\/schema\/logo\/image\/\"}}]}<\/script>\n<!-- \/ Yoast SEO plugin. -->","yoast_head_json":{"title":"Desmalezadora Hileradora DHO 3200 &#187; Ombu","robots":{"index":"index","follow":"follow","max-snippet":"max-snippet:-1","max-image-preview":"max-image-preview:large","max-video-preview":"max-video-preview:-1"},"canonical":"https:\/\/www.maquinasombu.com.ar\/en\/p\/desmalezadora-hileradora-dho-3200\/","og_locale":"en_US","og_type":"article","og_title":"Desmalezadora Hileradora DHO 3200 &#187; Ombu","og_description":"Ancho de trabajo 3200mm. Desmalezadora card\u00e1nica, con sistema de cuchillas comandado por sistema de cajas de transmisi\u00f3n. Sistema de hilerado regulable mediante pantallas traseras con registro de posici\u00f3n. Barra card\u00e1nica con zafes a ferodo para evitar roturas por golpes de torque elevado. Roddo 6.00 x 16\u201d Sistema de transporte por tiro de punta, mediante lanza [&hellip;]","og_url":"https:\/\/www.maquinasombu.com.ar\/en\/p\/desmalezadora-hileradora-dho-3200\/","og_site_name":"Ombu","article_modified_time":"2025-08-21T15:02:03+00:00","og_image":[{"width":957,"height":1024,"url":"https:\/\/www.maquinasombu.com.ar\/wp-content\/uploads\/PORTADA-DHO-3200-957x1024.png","type":"image\/png"}],"twitter_card":"summary_large_image","twitter_misc":{"Est. reading time":"1 minute"},"schema":{"@context":"https:\/\/schema.org","@graph":[{"@type":"WebPage","@id":"https:\/\/www.maquinasombu.com.ar\/p\/desmalezadora-hileradora-dho-3200\/","url":"https:\/\/www.maquinasombu.com.ar\/p\/desmalezadora-hileradora-dho-3200\/","name":"Desmalezadora Hileradora DHO 3200 &#187; Ombu","isPartOf":{"@id":"https:\/\/www.maquinasombu.com.ar\/#website"},"datePublished":"2025-08-21T15:02:01+00:00","dateModified":"2025-08-21T15:02:03+00:00","breadcrumb":{"@id":"https:\/\/www.maquinasombu.com.ar\/p\/desmalezadora-hileradora-dho-3200\/#breadcrumb"},"inLanguage":"en-US","potentialAction":[{"@type":"ReadAction","target":["https:\/\/www.maquinasombu.com.ar\/p\/desmalezadora-hileradora-dho-3200\/"]}]},{"@type":"BreadcrumbList","@id":"https:\/\/www.maquinasombu.com.ar\/p\/desmalezadora-hileradora-dho-3200\/#breadcrumb","itemListElement":[{"@type":"ListItem","position":1,"name":"Inicio","item":"https:\/\/www.maquinasombu.com.ar\/"},{"@type":"ListItem","position":2,"name":"Productos","item":"https:\/\/www.maquinasombu.com.ar\/productos\/"},{"@type":"ListItem","position":3,"name":"Desmalezadora Hileradora DHO 3200"}]},{"@type":"WebSite","@id":"https:\/\/www.maquinasombu.com.ar\/#website","url":"https:\/\/www.maquinasombu.com.ar\/","name":"Maquinas Omb\u00fa","description":"Maquinarias Agr\u00edcolas y Remolques","publisher":{"@id":"https:\/\/www.maquinasombu.com.ar\/#organization"},"alternateName":"Maquinas Omb\u00fa","potentialAction":[{"@type":"SearchAction","target":{"@type":"EntryPoint","urlTemplate":"https:\/\/www.maquinasombu.com.ar\/?s={search_term_string}"},"query-input":"required name=search_term_string"}],"inLanguage":"en-US"},{"@type":"Organization","@id":"https:\/\/www.maquinasombu.com.ar\/#organization","name":"Maquinas Omb\u00fa","alternateName":"Maquinas Omb\u00fa","url":"https:\/\/www.maquinasombu.com.ar\/","logo":{"@type":"ImageObject","inLanguage":"en-US","@id":"https:\/\/www.maquinasombu.com.ar\/#\/schema\/logo\/image\/","url":"https:\/\/www.maquinasombu.com.ar\/wp-content\/uploads\/2019\/08\/ombu-logo.svg","contentUrl":"https:\/\/www.maquinasombu.com.ar\/wp-content\/uploads\/2019\/08\/ombu-logo.svg","caption":"Maquinas Omb\u00fa"},"image":{"@id":"https:\/\/www.maquinasombu.com.ar\/#\/schema\/logo\/image\/"}}]}},"_links":{"self":[{"href":"https:\/\/www.maquinasombu.com.ar\/en\/wp-json\/wp\/v2\/product\/16647","targetHints":{"allow":["GET"]}}],"collection":[{"href":"https:\/\/www.maquinasombu.com.ar\/en\/wp-json\/wp\/v2\/product"}],"about":[{"href":"https:\/\/www.maquinasombu.com.ar\/en\/wp-json\/wp\/v2\/types\/product"}],"version-history":[{"count":1,"href":"https:\/\/www.maquinasombu.com.ar\/en\/wp-json\/wp\/v2\/product\/16647\/revisions"}],"predecessor-version":[{"id":16650,"href":"https:\/\/www.maquinasombu.com.ar\/en\/wp-json\/wp\/v2\/product\/16647\/revisions\/16650"}],"wp:featuredmedia":[{"embeddable":true,"href":"https:\/\/www.maquinasombu.com.ar\/en\/wp-json\/wp\/v2\/media\/16648"}],"wp:attachment":[{"href":"https:\/\/www.maquinasombu.com.ar\/en\/wp-json\/wp\/v2\/media?parent=16647"}],"wp:term":[{"taxonomy":"product_brand","embeddable":true,"href":"https:\/\/www.maquinasombu.com.ar\/en\/wp-json\/wp\/v2\/product_brand?post=16647"},{"taxonomy":"product_cat","embeddable":true,"href":"https:\/\/www.maquinasombu.com.ar\/en\/wp-json\/wp\/v2\/product_cat?post=16647"},{"taxonomy":"product_tag","embeddable":true,"href":"https:\/\/www.maquinasombu.com.ar\/en\/wp-json\/wp\/v2\/product_tag?post=16647"}],"curies":[{"name":"wp","href":"https:\/\/api.w.org\/{rel}","templated":true}]}}