{"id":1772,"date":"2020-01-20T17:57:00","date_gmt":"2020-01-20T20:57:00","guid":{"rendered":"https:\/\/maquinasombu.com.ar\/?post_type=product&#038;p=1772"},"modified":"2025-02-24T12:19:01","modified_gmt":"2025-02-24T15:19:01","slug":"acoplado-tolva-cerealera-4-ejes","status":"publish","type":"product","link":"https:\/\/www.maquinasombu.com.ar\/en\/p\/acoplado-tolva-cerealera-4-ejes\/","title":{"rendered":"GRAIN HOPPER TRAILER | 4 AXLES"},"content":{"rendered":"<p>Largo: 9,60 mts. | Ancho: 2,60 mts.<br \/>\nAlto lateral: 1,90 mts. | Alto total: 3,50 mts.<br \/>\nVolumen: 42 m3.<br \/>\nLlantas: 9.00\u201d x 22.5\u201d (a disco)<br \/>\nPeso de la unidad: 8000 kg. (Aprox) | Peso Bruto Total: 36000 kg.<br \/>\nChasis:<br \/>\nBogie trasero: Construido en chapa de acero microaleado, espesor 6,35mm. Todo soldado de manera tal de conferirle libertad torsional a toda la estructura del chasis.<br \/>\nTren delantero: Construidas en Doble T con alma de acero microaleado, espesor 6,35mm. Las vigas est\u00e1n unidas por travesa\u00f1os del mismo acero que el alma.<br \/>\nManotas de suspensi\u00f3n: Realizadas en chapa estampada de acero SAE 1010 y soldadas al ala inferior<br \/>\nde las vigas.<br \/>\nAro de Bolas: De doble hilera reforzado. Bolas de Acero al Cromo de 5\/8\u201d inferior y 3\/4\u201d superior.<br \/>\nSoldadura: Sistema GMAW autom\u00e1tica y semiautom\u00e1tica con gas binario 80\/20 Arg\u00f3n \/Anh\u00eddrido Carb\u00f3nico. Alambre \u00d8 1,2mm.<br \/>\nSistema de frenos:<br \/>\nDe accionamiento por aire, constituido por un doble circuito \u201cUno de servicio\u201d y otro de<br \/>\n\u201cEmergencia\u201d (Spring Brake). Compuesto por tanques de almacenamiento de aire, que sirven para<br \/>\nreservorio tanto para el caso de accionamiento de los frenos durante el servicio como para el caso de<br \/>\nemergencia y estacionamiento.<br \/>\nSuspensi\u00f3n:<br \/>\nManotas de acero estampado con apoyo de ballestas intercambiables, bujes de tensores silentblock<br \/>\ny buje de balanc\u00edn con poliamida recubierta con bisulfuro de molibdeno de alta resistencia, duraci\u00f3n<br \/>\ny auto lubricado.<br \/>\nSuspensi\u00f3n del tipo mec\u00e1nica con ballestas el\u00e1sticas de 12 hojas, 13mm espesor por 76mm de ancho<br \/>\n(1\/2\u201d x 3\u201d). Montadas sobre ejes marca Boero que tienen un tubo de 5\u201d (127mm) por 17mm de<br \/>\nespesor de pared, con puntas de ejes huecas colocadas por interferencia t\u00e9rmica, los mismos est\u00e1n<br \/>\npreparados para la colocaci\u00f3n del sistema calibrador autom\u00e1tico.<br \/>\nRodamientos c\u00f3nicos a rodillos gemelos lubricados con grasa para altas presiones.<br \/>\nCampanas de ejes de fundici\u00f3n nodular con cintas de frenos de 8\u201d de ancho Qmax.<br \/>\nDetalles del carrozado:<br \/>\nEstructura: Laterales, frente y cola, conformados por chapas de perfil trapezoidal, espesor 2 mm,<br \/>\ncalidad comercial SAE 1010. Unidos a marcos superiores e inferiores de ca\u00f1o estructural, espesor<br \/>\n3\/16\u201d (4,76 mm).<br \/>\nDivisorio central: Construido en chapa de perfil trapezoidal, espesor 2 mm. con escaleras.<br \/>\nConos de descarga: Construidos en chapa comercial SAE 1010, espesor 2 mm. con \u00e1ngulos mayores<br \/>\na 38\u00ba para conferirle mejor deslizamiento al material de transporte. Ideal para la descarga de<br \/>\nfertilizante.<br \/>\nGuillotinas: de apertura longitudinal con cremalleras y con gu\u00edas de deslizamiento por medio de<br \/>\nrodamientos blindados. Accionada con volante desde el lateral de la unidad.<br \/>\nHerrajes: todos los herrajes para el cierre de puertas son de calidad Acero Microfusi\u00f3n de excelente<br \/>\nterminaci\u00f3n superficial.<\/p>","protected":false},"excerpt":{"rendered":"<p>More capacity and less operatives times.<\/p>","protected":false},"featured_media":12309,"template":"","meta":{"ocean_post_layout":"","ocean_both_sidebars_style":"","ocean_both_sidebars_content_width":0,"ocean_both_sidebars_sidebars_width":0,"ocean_sidebar":"0","ocean_second_sidebar":"0","ocean_disable_margins":"enable","ocean_add_body_class":"","ocean_shortcode_before_top_bar":"","ocean_shortcode_after_top_bar":"","ocean_shortcode_before_header":"","ocean_shortcode_after_header":"","ocean_has_shortcode":"","ocean_shortcode_after_title":"","ocean_shortcode_before_footer_widgets":"","ocean_shortcode_after_footer_widgets":"","ocean_shortcode_before_footer_bottom":"","ocean_shortcode_after_footer_bottom":"","ocean_display_top_bar":"default","ocean_display_header":"default","ocean_header_style":"","ocean_center_header_left_menu":"0","ocean_custom_header_template":"0","ocean_custom_logo":0,"ocean_custom_retina_logo":0,"ocean_custom_logo_max_width":0,"ocean_custom_logo_tablet_max_width":0,"ocean_custom_logo_mobile_max_width":0,"ocean_custom_logo_max_height":0,"ocean_custom_logo_tablet_max_height":0,"ocean_custom_logo_mobile_max_height":0,"ocean_header_custom_menu":"0","ocean_menu_typo_font_family":"0","ocean_menu_typo_font_subset":"","ocean_menu_typo_font_size":0,"ocean_menu_typo_font_size_tablet":0,"ocean_menu_typo_font_size_mobile":0,"ocean_menu_typo_font_size_unit":"px","ocean_menu_typo_font_weight":"","ocean_menu_typo_font_weight_tablet":"","ocean_menu_typo_font_weight_mobile":"","ocean_menu_typo_transform":"","ocean_menu_typo_transform_tablet":"","ocean_menu_typo_transform_mobile":"","ocean_menu_typo_line_height":0,"ocean_menu_typo_line_height_tablet":0,"ocean_menu_typo_line_height_mobile":0,"ocean_menu_typo_line_height_unit":"","ocean_menu_typo_spacing":0,"ocean_menu_typo_spacing_tablet":0,"ocean_menu_typo_spacing_mobile":0,"ocean_menu_typo_spacing_unit":"","ocean_menu_link_color":"","ocean_menu_link_color_hover":"","ocean_menu_link_color_active":"","ocean_menu_link_background":"","ocean_menu_link_hover_background":"","ocean_menu_link_active_background":"","ocean_menu_social_links_bg":"","ocean_menu_social_hover_links_bg":"","ocean_menu_social_links_color":"","ocean_menu_social_hover_links_color":"","ocean_disable_title":"default","ocean_disable_heading":"default","ocean_post_title":"","ocean_post_subheading":"","ocean_post_title_style":"","ocean_post_title_background_color":"","ocean_post_title_background":0,"ocean_post_title_bg_image_position":"","ocean_post_title_bg_image_attachment":"","ocean_post_title_bg_image_repeat":"","ocean_post_title_bg_image_size":"","ocean_post_title_height":0,"ocean_post_title_bg_overlay":0.5,"ocean_post_title_bg_overlay_color":"","ocean_disable_breadcrumbs":"default","ocean_breadcrumbs_color":"","ocean_breadcrumbs_separator_color":"","ocean_breadcrumbs_links_color":"","ocean_breadcrumbs_links_hover_color":"","ocean_display_footer_widgets":"default","ocean_display_footer_bottom":"default","ocean_custom_footer_template":"0","omw_enable_modal_window":"enable"},"product_brand":[],"product_cat":[37,25],"product_tag":[20,176],"class_list":{"0":"post-1772","1":"product","2":"type-product","3":"status-publish","4":"has-post-thumbnail","6":"product_cat-acoplados","7":"product_cat-remolques","8":"product_tag-nuevo","9":"product_tag-repuestos","11":"entry","12":"has-media","14":"first","15":"instock","16":"shipping-taxable","17":"product-type-simple","18":"col","19":"span_1_of_4","20":"owp-content-center","21":"owp-thumbs-layout-horizontal","22":"owp-btn-normal","23":"owp-tabs-layout-horizontal"},"yoast_head":"<!-- This site is optimized with the Yoast SEO plugin v21.4 - https:\/\/yoast.com\/wordpress\/plugins\/seo\/ -->\n<title>Acoplado Tolva Cerealera - 4 ejes &#187; Ombu<\/title>\n<meta name=\"robots\" content=\"index, follow, max-snippet:-1, max-image-preview:large, max-video-preview:-1\" \/>\n<link rel=\"canonical\" href=\"https:\/\/www.maquinasombu.com.ar\/en\/p\/acoplado-tolva-cerealera-4-ejes\/\" \/>\n<meta property=\"og:locale\" content=\"en_US\" \/>\n<meta property=\"og:type\" content=\"article\" \/>\n<meta property=\"og:title\" content=\"Acoplado Tolva Cerealera - 4 ejes &#187; Ombu\" \/>\n<meta property=\"og:description\" content=\"Apto para PBTC 52.5T\u00a0\u00a0\u00a0\u00a0\u00a0\u00a0\u00a0\u00a0\u00a0\u00a0\u00a0\u00a0\u00a0\u00a0\u00a0\u00a0\u00a0\u00a0\u00a0\u00a0\u00a0\u00a0\u00a0\u00a0\u00a0\u00a0\u00a0\u00a0\u00a0\u00a0\u00a0\u00a0\u00a0\u00a0\u00a0\u00a0\u00a0\u00a0\u00a0\u00a0\u00a0\u00a0\u00a0\u00a0\u00a0\u00a0\u00a0\u00a0\u00a0\u00a0\u00a0\u00a0\u00a0\u00a0\u00a0\u00a0\u00a0\u00a0\u00a0\u00a0\u00a0\u00a0\u00a0\u00a0\u00a0\u00a0\u00a0\u00a0\u00a0\u00a0\u00a0\u00a0\u00a0\u00a0\u00a0\u00a0\u00a0\u00a0\u00a0\u00a0\u00a0\u00a0\u00a0\u00a0\u00a0\u00a0\u00a0\u00a0\u00a0\u00a0\u00a0\u00a0\u00a0\u00a0\u00a0\u00a0\u00a0\u00a0\u00a0\u00a0\u00a0\u00a0\u00a0\u00a0\u00a0\u00a0\u00a0\u00a0\u00a0\u00a0\u00a0\u00a0\u00a0\u00a0\u00a0\u00a0\u00a0\u00a0\u00a0\u00a0\u00a0\u00a0\u00a0\u00a0\u00a0\u00a0\u00a0\u00a0\u00a0\u00a0\u00a0\u00a0\u00a0\u00a0\u00a0\u00a0\u00a0\u00a0\u00a0\u00a0\u00a0\u00a0\u00a0\u00a0\u00a0\u00a0\u00a0\u00a0\u00a0\u00a0\u00a0\u00a0\u00a0\u00a0\u00a0\u00a0\u00a0\u00a0\u00a0\u00a0 Mayor capacidad y reducci\u00f3n de los tiempos operativos.\" \/>\n<meta property=\"og:url\" content=\"https:\/\/www.maquinasombu.com.ar\/en\/p\/acoplado-tolva-cerealera-4-ejes\/\" \/>\n<meta property=\"og:site_name\" content=\"Ombu\" \/>\n<meta property=\"article:modified_time\" content=\"2025-02-24T15:19:01+00:00\" \/>\n<meta property=\"og:image\" content=\"https:\/\/www.maquinasombu.com.ar\/wp-content\/uploads\/photoshop-acoplado-4-ejes-e1699274157245.png\" \/>\n\t<meta property=\"og:image:width\" content=\"750\" \/>\n\t<meta property=\"og:image:height\" content=\"769\" \/>\n\t<meta property=\"og:image:type\" content=\"image\/png\" \/>\n<meta name=\"twitter:card\" content=\"summary_large_image\" \/>\n<meta name=\"twitter:label1\" content=\"Est. reading time\" \/>\n\t<meta name=\"twitter:data1\" content=\"2 minutes\" \/>\n<script type=\"application\/ld+json\" class=\"yoast-schema-graph\">{\"@context\":\"https:\/\/schema.org\",\"@graph\":[{\"@type\":\"WebPage\",\"@id\":\"https:\/\/www.maquinasombu.com.ar\/p\/acoplado-tolva-cerealera-4-ejes\/\",\"url\":\"https:\/\/www.maquinasombu.com.ar\/p\/acoplado-tolva-cerealera-4-ejes\/\",\"name\":\"Acoplado Tolva Cerealera - 4 ejes &#187; Ombu\",\"isPartOf\":{\"@id\":\"https:\/\/www.maquinasombu.com.ar\/#website\"},\"datePublished\":\"2020-01-20T20:57:00+00:00\",\"dateModified\":\"2025-02-24T15:19:01+00:00\",\"breadcrumb\":{\"@id\":\"https:\/\/www.maquinasombu.com.ar\/p\/acoplado-tolva-cerealera-4-ejes\/#breadcrumb\"},\"inLanguage\":\"en-US\",\"potentialAction\":[{\"@type\":\"ReadAction\",\"target\":[\"https:\/\/www.maquinasombu.com.ar\/p\/acoplado-tolva-cerealera-4-ejes\/\"]}]},{\"@type\":\"BreadcrumbList\",\"@id\":\"https:\/\/www.maquinasombu.com.ar\/p\/acoplado-tolva-cerealera-4-ejes\/#breadcrumb\",\"itemListElement\":[{\"@type\":\"ListItem\",\"position\":1,\"name\":\"Inicio\",\"item\":\"https:\/\/www.maquinasombu.com.ar\/\"},{\"@type\":\"ListItem\",\"position\":2,\"name\":\"Productos\",\"item\":\"https:\/\/www.maquinasombu.com.ar\/productos\/\"},{\"@type\":\"ListItem\",\"position\":3,\"name\":\"Acoplado Tolva Cerealera &#8211; 4 ejes\"}]},{\"@type\":\"WebSite\",\"@id\":\"https:\/\/www.maquinasombu.com.ar\/#website\",\"url\":\"https:\/\/www.maquinasombu.com.ar\/\",\"name\":\"Maquinas Omb\u00fa\",\"description\":\"Maquinarias Agr\u00edcolas y Remolques\",\"publisher\":{\"@id\":\"https:\/\/www.maquinasombu.com.ar\/#organization\"},\"alternateName\":\"Maquinas Omb\u00fa\",\"potentialAction\":[{\"@type\":\"SearchAction\",\"target\":{\"@type\":\"EntryPoint\",\"urlTemplate\":\"https:\/\/www.maquinasombu.com.ar\/?s={search_term_string}\"},\"query-input\":\"required name=search_term_string\"}],\"inLanguage\":\"en-US\"},{\"@type\":\"Organization\",\"@id\":\"https:\/\/www.maquinasombu.com.ar\/#organization\",\"name\":\"Maquinas Omb\u00fa\",\"alternateName\":\"Maquinas Omb\u00fa\",\"url\":\"https:\/\/www.maquinasombu.com.ar\/\",\"logo\":{\"@type\":\"ImageObject\",\"inLanguage\":\"en-US\",\"@id\":\"https:\/\/www.maquinasombu.com.ar\/#\/schema\/logo\/image\/\",\"url\":\"https:\/\/www.maquinasombu.com.ar\/wp-content\/uploads\/2019\/08\/ombu-logo.svg\",\"contentUrl\":\"https:\/\/www.maquinasombu.com.ar\/wp-content\/uploads\/2019\/08\/ombu-logo.svg\",\"caption\":\"Maquinas Omb\u00fa\"},\"image\":{\"@id\":\"https:\/\/www.maquinasombu.com.ar\/#\/schema\/logo\/image\/\"}}]}<\/script>\n<!-- \/ Yoast SEO plugin. -->","yoast_head_json":{"title":"Acoplado Tolva Cerealera - 4 ejes &#187; Ombu","robots":{"index":"index","follow":"follow","max-snippet":"max-snippet:-1","max-image-preview":"max-image-preview:large","max-video-preview":"max-video-preview:-1"},"canonical":"https:\/\/www.maquinasombu.com.ar\/en\/p\/acoplado-tolva-cerealera-4-ejes\/","og_locale":"en_US","og_type":"article","og_title":"Acoplado Tolva Cerealera - 4 ejes &#187; Ombu","og_description":"Apto para PBTC 52.5T\u00a0\u00a0\u00a0\u00a0\u00a0\u00a0\u00a0\u00a0\u00a0\u00a0\u00a0\u00a0\u00a0\u00a0\u00a0\u00a0\u00a0\u00a0\u00a0\u00a0\u00a0\u00a0\u00a0\u00a0\u00a0\u00a0\u00a0\u00a0\u00a0\u00a0\u00a0\u00a0\u00a0\u00a0\u00a0\u00a0\u00a0\u00a0\u00a0\u00a0\u00a0\u00a0\u00a0\u00a0\u00a0\u00a0\u00a0\u00a0\u00a0\u00a0\u00a0\u00a0\u00a0\u00a0\u00a0\u00a0\u00a0\u00a0\u00a0\u00a0\u00a0\u00a0\u00a0\u00a0\u00a0\u00a0\u00a0\u00a0\u00a0\u00a0\u00a0\u00a0\u00a0\u00a0\u00a0\u00a0\u00a0\u00a0\u00a0\u00a0\u00a0\u00a0\u00a0\u00a0\u00a0\u00a0\u00a0\u00a0\u00a0\u00a0\u00a0\u00a0\u00a0\u00a0\u00a0\u00a0\u00a0\u00a0\u00a0\u00a0\u00a0\u00a0\u00a0\u00a0\u00a0\u00a0\u00a0\u00a0\u00a0\u00a0\u00a0\u00a0\u00a0\u00a0\u00a0\u00a0\u00a0\u00a0\u00a0\u00a0\u00a0\u00a0\u00a0\u00a0\u00a0\u00a0\u00a0\u00a0\u00a0\u00a0\u00a0\u00a0\u00a0\u00a0\u00a0\u00a0\u00a0\u00a0\u00a0\u00a0\u00a0\u00a0\u00a0\u00a0\u00a0\u00a0\u00a0\u00a0\u00a0\u00a0\u00a0\u00a0\u00a0\u00a0\u00a0\u00a0\u00a0\u00a0\u00a0\u00a0 Mayor capacidad y reducci\u00f3n de los tiempos operativos.","og_url":"https:\/\/www.maquinasombu.com.ar\/en\/p\/acoplado-tolva-cerealera-4-ejes\/","og_site_name":"Ombu","article_modified_time":"2025-02-24T15:19:01+00:00","og_image":[{"width":750,"height":769,"url":"https:\/\/www.maquinasombu.com.ar\/wp-content\/uploads\/photoshop-acoplado-4-ejes-e1699274157245.png","type":"image\/png"}],"twitter_card":"summary_large_image","twitter_misc":{"Est. reading time":"2 minutes"},"schema":{"@context":"https:\/\/schema.org","@graph":[{"@type":"WebPage","@id":"https:\/\/www.maquinasombu.com.ar\/p\/acoplado-tolva-cerealera-4-ejes\/","url":"https:\/\/www.maquinasombu.com.ar\/p\/acoplado-tolva-cerealera-4-ejes\/","name":"Acoplado Tolva Cerealera - 4 ejes &#187; Ombu","isPartOf":{"@id":"https:\/\/www.maquinasombu.com.ar\/#website"},"datePublished":"2020-01-20T20:57:00+00:00","dateModified":"2025-02-24T15:19:01+00:00","breadcrumb":{"@id":"https:\/\/www.maquinasombu.com.ar\/p\/acoplado-tolva-cerealera-4-ejes\/#breadcrumb"},"inLanguage":"en-US","potentialAction":[{"@type":"ReadAction","target":["https:\/\/www.maquinasombu.com.ar\/p\/acoplado-tolva-cerealera-4-ejes\/"]}]},{"@type":"BreadcrumbList","@id":"https:\/\/www.maquinasombu.com.ar\/p\/acoplado-tolva-cerealera-4-ejes\/#breadcrumb","itemListElement":[{"@type":"ListItem","position":1,"name":"Inicio","item":"https:\/\/www.maquinasombu.com.ar\/"},{"@type":"ListItem","position":2,"name":"Productos","item":"https:\/\/www.maquinasombu.com.ar\/productos\/"},{"@type":"ListItem","position":3,"name":"Acoplado Tolva Cerealera &#8211; 4 ejes"}]},{"@type":"WebSite","@id":"https:\/\/www.maquinasombu.com.ar\/#website","url":"https:\/\/www.maquinasombu.com.ar\/","name":"Maquinas Omb\u00fa","description":"Maquinarias Agr\u00edcolas y Remolques","publisher":{"@id":"https:\/\/www.maquinasombu.com.ar\/#organization"},"alternateName":"Maquinas Omb\u00fa","potentialAction":[{"@type":"SearchAction","target":{"@type":"EntryPoint","urlTemplate":"https:\/\/www.maquinasombu.com.ar\/?s={search_term_string}"},"query-input":"required name=search_term_string"}],"inLanguage":"en-US"},{"@type":"Organization","@id":"https:\/\/www.maquinasombu.com.ar\/#organization","name":"Maquinas Omb\u00fa","alternateName":"Maquinas Omb\u00fa","url":"https:\/\/www.maquinasombu.com.ar\/","logo":{"@type":"ImageObject","inLanguage":"en-US","@id":"https:\/\/www.maquinasombu.com.ar\/#\/schema\/logo\/image\/","url":"https:\/\/www.maquinasombu.com.ar\/wp-content\/uploads\/2019\/08\/ombu-logo.svg","contentUrl":"https:\/\/www.maquinasombu.com.ar\/wp-content\/uploads\/2019\/08\/ombu-logo.svg","caption":"Maquinas Omb\u00fa"},"image":{"@id":"https:\/\/www.maquinasombu.com.ar\/#\/schema\/logo\/image\/"}}]}},"_links":{"self":[{"href":"https:\/\/www.maquinasombu.com.ar\/en\/wp-json\/wp\/v2\/product\/1772","targetHints":{"allow":["GET"]}}],"collection":[{"href":"https:\/\/www.maquinasombu.com.ar\/en\/wp-json\/wp\/v2\/product"}],"about":[{"href":"https:\/\/www.maquinasombu.com.ar\/en\/wp-json\/wp\/v2\/types\/product"}],"version-history":[{"count":2,"href":"https:\/\/www.maquinasombu.com.ar\/en\/wp-json\/wp\/v2\/product\/1772\/revisions"}],"predecessor-version":[{"id":12246,"href":"https:\/\/www.maquinasombu.com.ar\/en\/wp-json\/wp\/v2\/product\/1772\/revisions\/12246"}],"wp:featuredmedia":[{"embeddable":true,"href":"https:\/\/www.maquinasombu.com.ar\/en\/wp-json\/wp\/v2\/media\/12309"}],"wp:attachment":[{"href":"https:\/\/www.maquinasombu.com.ar\/en\/wp-json\/wp\/v2\/media?parent=1772"}],"wp:term":[{"taxonomy":"product_brand","embeddable":true,"href":"https:\/\/www.maquinasombu.com.ar\/en\/wp-json\/wp\/v2\/product_brand?post=1772"},{"taxonomy":"product_cat","embeddable":true,"href":"https:\/\/www.maquinasombu.com.ar\/en\/wp-json\/wp\/v2\/product_cat?post=1772"},{"taxonomy":"product_tag","embeddable":true,"href":"https:\/\/www.maquinasombu.com.ar\/en\/wp-json\/wp\/v2\/product_tag?post=1772"}],"curies":[{"name":"wp","href":"https:\/\/api.w.org\/{rel}","templated":true}]}}