{"id":2062,"date":"2020-04-10T09:57:52","date_gmt":"2020-04-10T12:57:52","guid":{"rendered":"https:\/\/maquinasombu.com.ar\/?post_type=product&#038;p=2062"},"modified":"2021-07-08T15:01:26","modified_gmt":"2021-07-08T18:01:26","slug":"compactadores-de-residuos-cr-16-cr-18-cr-21","status":"publish","type":"product","link":"https:\/\/www.maquinasombu.com.ar\/en\/p\/compactadores-de-residuos-cr-16-cr-18-cr-21\/","title":{"rendered":"Compactadores de residuos CR 16 &#8211; CR 18 &#8211; CR 21"},"content":{"rendered":"<p>Capacidad: Dep\u00f3sitos de perfil eliptico de 16, 18 y 21 m3 sin parantes.<br \/>\nComponentes hidr\u00e1ulicos de primera calidad.<br \/>\nGradiente de compactaci\u00f3n constante en toda la caja.<br \/>\nAccionamiento manual y autom\u00e1tico.<br \/>\nCilindros de Compactaci\u00f3n de 5&#8243; en tolva iguales e intercambiables entre si.<br \/>\nPr\u00e1ctico dise\u00f1o para el reemplazo de patines de deslizamiento.<br \/>\n\u00d3ptima distribuci\u00f3n de carga sobre los ejes.<br \/>\nConstru\u00eddo con aceros de alta resistencia y soldado por sistema semiautom\u00e1tico MIG \/ MAG con costura de cord\u00f3n continuo.<br \/>\nCierre Hidr\u00e1ulico de tolva autom\u00e1tico.<br \/>\nSistema el\u00e9ctrico con cableado sellado, balizas y luces reglamentarias de led.<br \/>\nSistema hidr\u00e1ulico perfeccionado, bomba hidr\u00e1ulica a engranajes con toma de fuerza, filtros de succi\u00f3n y retorno.<br \/>\nGuardabarros con faldones de goma.<br \/>\nPintura Poliuret\u00e1nica.<br \/>\nSistema Hidr\u00e0ulico:<br \/>\nBomba a engranajes con acoplamiento a toma de fuerza en caja de velocidades de cami\u00f3n. Cilindros hidr\u00e1ulicos constru\u00eddos en acero sin costura, alesados y bru\u00f1idos.<br \/>\nV\u00e1stagos de acero bonificado, rectados y cromados, sellos de primera calidad en medidas comerciales.<br \/>\nCilindros iguales e intercambiables de 5&#8243;.<br \/>\nDep\u00f3sito de aceite hidr\u00e1ulico construido en chapa de acero.<\/p>\n<p>Opcionalmente se provee la unidad con estribo basculante para elevaci\u00f3n de contenedores.<\/p>","protected":false},"excerpt":{"rendered":"<p>Long lasting and easy operation. Made for the diary work. Suitable for any type of truck.<\/p>","protected":false},"featured_media":2065,"template":"","meta":{"ocean_post_layout":"","ocean_both_sidebars_style":"","ocean_both_sidebars_content_width":0,"ocean_both_sidebars_sidebars_width":0,"ocean_sidebar":"0","ocean_second_sidebar":"0","ocean_disable_margins":"enable","ocean_add_body_class":"","ocean_shortcode_before_top_bar":"","ocean_shortcode_after_top_bar":"","ocean_shortcode_before_header":"","ocean_shortcode_after_header":"","ocean_has_shortcode":"","ocean_shortcode_after_title":"","ocean_shortcode_before_footer_widgets":"","ocean_shortcode_after_footer_widgets":"","ocean_shortcode_before_footer_bottom":"","ocean_shortcode_after_footer_bottom":"","ocean_display_top_bar":"default","ocean_display_header":"default","ocean_header_style":"","ocean_center_header_left_menu":"0","ocean_custom_header_template":"0","ocean_custom_logo":0,"ocean_custom_retina_logo":0,"ocean_custom_logo_max_width":0,"ocean_custom_logo_tablet_max_width":0,"ocean_custom_logo_mobile_max_width":0,"ocean_custom_logo_max_height":0,"ocean_custom_logo_tablet_max_height":0,"ocean_custom_logo_mobile_max_height":0,"ocean_header_custom_menu":"0","ocean_menu_typo_font_family":"0","ocean_menu_typo_font_subset":"","ocean_menu_typo_font_size":0,"ocean_menu_typo_font_size_tablet":0,"ocean_menu_typo_font_size_mobile":0,"ocean_menu_typo_font_size_unit":"px","ocean_menu_typo_font_weight":"","ocean_menu_typo_font_weight_tablet":"","ocean_menu_typo_font_weight_mobile":"","ocean_menu_typo_transform":"","ocean_menu_typo_transform_tablet":"","ocean_menu_typo_transform_mobile":"","ocean_menu_typo_line_height":0,"ocean_menu_typo_line_height_tablet":0,"ocean_menu_typo_line_height_mobile":0,"ocean_menu_typo_line_height_unit":"","ocean_menu_typo_spacing":0,"ocean_menu_typo_spacing_tablet":0,"ocean_menu_typo_spacing_mobile":0,"ocean_menu_typo_spacing_unit":"","ocean_menu_link_color":"","ocean_menu_link_color_hover":"","ocean_menu_link_color_active":"","ocean_menu_link_background":"","ocean_menu_link_hover_background":"","ocean_menu_link_active_background":"","ocean_menu_social_links_bg":"","ocean_menu_social_hover_links_bg":"","ocean_menu_social_links_color":"","ocean_menu_social_hover_links_color":"","ocean_disable_title":"default","ocean_disable_heading":"default","ocean_post_title":"","ocean_post_subheading":"","ocean_post_title_style":"","ocean_post_title_background_color":"","ocean_post_title_background":0,"ocean_post_title_bg_image_position":"","ocean_post_title_bg_image_attachment":"","ocean_post_title_bg_image_repeat":"","ocean_post_title_bg_image_size":"","ocean_post_title_height":0,"ocean_post_title_bg_overlay":0.5,"ocean_post_title_bg_overlay_color":"","ocean_disable_breadcrumbs":"default","ocean_breadcrumbs_color":"","ocean_breadcrumbs_separator_color":"","ocean_breadcrumbs_links_color":"","ocean_breadcrumbs_links_hover_color":"","ocean_display_footer_widgets":"default","ocean_display_footer_bottom":"default","ocean_custom_footer_template":"0","omw_enable_modal_window":"enable"},"product_brand":[],"product_cat":[42,26,66],"product_tag":[20,176],"class_list":{"0":"post-2062","1":"product","2":"type-product","3":"status-publish","4":"has-post-thumbnail","6":"product_cat-higiene","7":"product_cat-higiene-urbana","8":"product_cat-productos","9":"product_tag-nuevo","10":"product_tag-repuestos","12":"entry","13":"has-media","15":"first","16":"instock","17":"shipping-taxable","18":"product-type-simple","19":"col","20":"span_1_of_4","21":"owp-content-center","22":"owp-thumbs-layout-horizontal","23":"owp-btn-normal","24":"owp-tabs-layout-horizontal"},"yoast_head":"<!-- This site is optimized with the Yoast SEO plugin v21.4 - https:\/\/yoast.com\/wordpress\/plugins\/seo\/ -->\n<title>Compactadores de residuos CR 16 - CR 18 - CR 21 &#187; Ombu<\/title>\n<meta name=\"robots\" content=\"index, follow, max-snippet:-1, max-image-preview:large, max-video-preview:-1\" \/>\n<link rel=\"canonical\" href=\"https:\/\/www.maquinasombu.com.ar\/en\/p\/compactadores-de-residuos-cr-16-cr-18-cr-21\/\" \/>\n<meta property=\"og:locale\" content=\"en_US\" \/>\n<meta property=\"og:type\" content=\"article\" \/>\n<meta property=\"og:title\" content=\"Compactadores de residuos CR 16 - CR 18 - CR 21 &#187; Ombu\" \/>\n<meta property=\"og:description\" content=\"Adaptables a cualquier tipo y modelo de cami\u00f3n. Equipos confiables y duraderos.\" \/>\n<meta property=\"og:url\" content=\"https:\/\/www.maquinasombu.com.ar\/en\/p\/compactadores-de-residuos-cr-16-cr-18-cr-21\/\" \/>\n<meta property=\"og:site_name\" content=\"Ombu\" \/>\n<meta property=\"article:modified_time\" content=\"2021-07-08T18:01:26+00:00\" \/>\n<meta property=\"og:image\" content=\"https:\/\/www.maquinasombu.com.ar\/wp-content\/uploads\/3-9.jpg\" \/>\n\t<meta property=\"og:image:width\" content=\"1280\" \/>\n\t<meta property=\"og:image:height\" content=\"840\" \/>\n\t<meta property=\"og:image:type\" content=\"image\/jpeg\" \/>\n<meta name=\"twitter:card\" content=\"summary_large_image\" \/>\n<meta name=\"twitter:label1\" content=\"Est. reading time\" \/>\n\t<meta name=\"twitter:data1\" content=\"1 minute\" \/>\n<script type=\"application\/ld+json\" class=\"yoast-schema-graph\">{\"@context\":\"https:\/\/schema.org\",\"@graph\":[{\"@type\":\"WebPage\",\"@id\":\"https:\/\/www.maquinasombu.com.ar\/en\/p\/compactadores-de-residuos-cr-16-cr-18-cr-21\/\",\"url\":\"https:\/\/www.maquinasombu.com.ar\/en\/p\/compactadores-de-residuos-cr-16-cr-18-cr-21\/\",\"name\":\"Compactadores de residuos CR 16 - CR 18 - CR 21 &#187; Ombu\",\"isPartOf\":{\"@id\":\"https:\/\/www.maquinasombu.com.ar\/#website\"},\"datePublished\":\"2020-04-10T12:57:52+00:00\",\"dateModified\":\"2021-07-08T18:01:26+00:00\",\"breadcrumb\":{\"@id\":\"https:\/\/www.maquinasombu.com.ar\/en\/p\/compactadores-de-residuos-cr-16-cr-18-cr-21\/#breadcrumb\"},\"inLanguage\":\"en-US\",\"potentialAction\":[{\"@type\":\"ReadAction\",\"target\":[\"https:\/\/www.maquinasombu.com.ar\/en\/p\/compactadores-de-residuos-cr-16-cr-18-cr-21\/\"]}]},{\"@type\":\"BreadcrumbList\",\"@id\":\"https:\/\/www.maquinasombu.com.ar\/en\/p\/compactadores-de-residuos-cr-16-cr-18-cr-21\/#breadcrumb\",\"itemListElement\":[{\"@type\":\"ListItem\",\"position\":1,\"name\":\"Inicio\",\"item\":\"https:\/\/www.maquinasombu.com.ar\/\"},{\"@type\":\"ListItem\",\"position\":2,\"name\":\"Productos\",\"item\":\"https:\/\/www.maquinasombu.com.ar\/productos\/\"},{\"@type\":\"ListItem\",\"position\":3,\"name\":\"Compactadores de residuos CR 16 &#8211; CR 18 &#8211; CR 21\"}]},{\"@type\":\"WebSite\",\"@id\":\"https:\/\/www.maquinasombu.com.ar\/#website\",\"url\":\"https:\/\/www.maquinasombu.com.ar\/\",\"name\":\"Maquinas Omb\u00fa\",\"description\":\"Maquinarias Agr\u00edcolas y Remolques\",\"publisher\":{\"@id\":\"https:\/\/www.maquinasombu.com.ar\/#organization\"},\"alternateName\":\"Maquinas Omb\u00fa\",\"potentialAction\":[{\"@type\":\"SearchAction\",\"target\":{\"@type\":\"EntryPoint\",\"urlTemplate\":\"https:\/\/www.maquinasombu.com.ar\/?s={search_term_string}\"},\"query-input\":\"required name=search_term_string\"}],\"inLanguage\":\"en-US\"},{\"@type\":\"Organization\",\"@id\":\"https:\/\/www.maquinasombu.com.ar\/#organization\",\"name\":\"Maquinas Omb\u00fa\",\"alternateName\":\"Maquinas Omb\u00fa\",\"url\":\"https:\/\/www.maquinasombu.com.ar\/\",\"logo\":{\"@type\":\"ImageObject\",\"inLanguage\":\"en-US\",\"@id\":\"https:\/\/www.maquinasombu.com.ar\/#\/schema\/logo\/image\/\",\"url\":\"https:\/\/www.maquinasombu.com.ar\/wp-content\/uploads\/2019\/08\/ombu-logo.svg\",\"contentUrl\":\"https:\/\/www.maquinasombu.com.ar\/wp-content\/uploads\/2019\/08\/ombu-logo.svg\",\"caption\":\"Maquinas Omb\u00fa\"},\"image\":{\"@id\":\"https:\/\/www.maquinasombu.com.ar\/#\/schema\/logo\/image\/\"}}]}<\/script>\n<!-- \/ Yoast SEO plugin. -->","yoast_head_json":{"title":"Compactadores de residuos CR 16 - CR 18 - CR 21 &#187; Ombu","robots":{"index":"index","follow":"follow","max-snippet":"max-snippet:-1","max-image-preview":"max-image-preview:large","max-video-preview":"max-video-preview:-1"},"canonical":"https:\/\/www.maquinasombu.com.ar\/en\/p\/compactadores-de-residuos-cr-16-cr-18-cr-21\/","og_locale":"en_US","og_type":"article","og_title":"Compactadores de residuos CR 16 - CR 18 - CR 21 &#187; Ombu","og_description":"Adaptables a cualquier tipo y modelo de cami\u00f3n. Equipos confiables y duraderos.","og_url":"https:\/\/www.maquinasombu.com.ar\/en\/p\/compactadores-de-residuos-cr-16-cr-18-cr-21\/","og_site_name":"Ombu","article_modified_time":"2021-07-08T18:01:26+00:00","og_image":[{"width":1280,"height":840,"url":"https:\/\/www.maquinasombu.com.ar\/wp-content\/uploads\/3-9.jpg","type":"image\/jpeg"}],"twitter_card":"summary_large_image","twitter_misc":{"Est. reading time":"1 minute"},"schema":{"@context":"https:\/\/schema.org","@graph":[{"@type":"WebPage","@id":"https:\/\/www.maquinasombu.com.ar\/en\/p\/compactadores-de-residuos-cr-16-cr-18-cr-21\/","url":"https:\/\/www.maquinasombu.com.ar\/en\/p\/compactadores-de-residuos-cr-16-cr-18-cr-21\/","name":"Compactadores de residuos CR 16 - CR 18 - CR 21 &#187; Ombu","isPartOf":{"@id":"https:\/\/www.maquinasombu.com.ar\/#website"},"datePublished":"2020-04-10T12:57:52+00:00","dateModified":"2021-07-08T18:01:26+00:00","breadcrumb":{"@id":"https:\/\/www.maquinasombu.com.ar\/en\/p\/compactadores-de-residuos-cr-16-cr-18-cr-21\/#breadcrumb"},"inLanguage":"en-US","potentialAction":[{"@type":"ReadAction","target":["https:\/\/www.maquinasombu.com.ar\/en\/p\/compactadores-de-residuos-cr-16-cr-18-cr-21\/"]}]},{"@type":"BreadcrumbList","@id":"https:\/\/www.maquinasombu.com.ar\/en\/p\/compactadores-de-residuos-cr-16-cr-18-cr-21\/#breadcrumb","itemListElement":[{"@type":"ListItem","position":1,"name":"Inicio","item":"https:\/\/www.maquinasombu.com.ar\/"},{"@type":"ListItem","position":2,"name":"Productos","item":"https:\/\/www.maquinasombu.com.ar\/productos\/"},{"@type":"ListItem","position":3,"name":"Compactadores de residuos CR 16 &#8211; CR 18 &#8211; CR 21"}]},{"@type":"WebSite","@id":"https:\/\/www.maquinasombu.com.ar\/#website","url":"https:\/\/www.maquinasombu.com.ar\/","name":"Maquinas Omb\u00fa","description":"Maquinarias Agr\u00edcolas y Remolques","publisher":{"@id":"https:\/\/www.maquinasombu.com.ar\/#organization"},"alternateName":"Maquinas Omb\u00fa","potentialAction":[{"@type":"SearchAction","target":{"@type":"EntryPoint","urlTemplate":"https:\/\/www.maquinasombu.com.ar\/?s={search_term_string}"},"query-input":"required name=search_term_string"}],"inLanguage":"en-US"},{"@type":"Organization","@id":"https:\/\/www.maquinasombu.com.ar\/#organization","name":"Maquinas Omb\u00fa","alternateName":"Maquinas Omb\u00fa","url":"https:\/\/www.maquinasombu.com.ar\/","logo":{"@type":"ImageObject","inLanguage":"en-US","@id":"https:\/\/www.maquinasombu.com.ar\/#\/schema\/logo\/image\/","url":"https:\/\/www.maquinasombu.com.ar\/wp-content\/uploads\/2019\/08\/ombu-logo.svg","contentUrl":"https:\/\/www.maquinasombu.com.ar\/wp-content\/uploads\/2019\/08\/ombu-logo.svg","caption":"Maquinas Omb\u00fa"},"image":{"@id":"https:\/\/www.maquinasombu.com.ar\/#\/schema\/logo\/image\/"}}]}},"_links":{"self":[{"href":"https:\/\/www.maquinasombu.com.ar\/en\/wp-json\/wp\/v2\/product\/2062","targetHints":{"allow":["GET"]}}],"collection":[{"href":"https:\/\/www.maquinasombu.com.ar\/en\/wp-json\/wp\/v2\/product"}],"about":[{"href":"https:\/\/www.maquinasombu.com.ar\/en\/wp-json\/wp\/v2\/types\/product"}],"version-history":[{"count":0,"href":"https:\/\/www.maquinasombu.com.ar\/en\/wp-json\/wp\/v2\/product\/2062\/revisions"}],"wp:featuredmedia":[{"embeddable":true,"href":"https:\/\/www.maquinasombu.com.ar\/en\/wp-json\/wp\/v2\/media\/2065"}],"wp:attachment":[{"href":"https:\/\/www.maquinasombu.com.ar\/en\/wp-json\/wp\/v2\/media?parent=2062"}],"wp:term":[{"taxonomy":"product_brand","embeddable":true,"href":"https:\/\/www.maquinasombu.com.ar\/en\/wp-json\/wp\/v2\/product_brand?post=2062"},{"taxonomy":"product_cat","embeddable":true,"href":"https:\/\/www.maquinasombu.com.ar\/en\/wp-json\/wp\/v2\/product_cat?post=2062"},{"taxonomy":"product_tag","embeddable":true,"href":"https:\/\/www.maquinasombu.com.ar\/en\/wp-json\/wp\/v2\/product_tag?post=2062"}],"curies":[{"name":"wp","href":"https:\/\/api.w.org\/{rel}","templated":true}]}}