{"id":2344,"date":"2020-06-10T14:31:06","date_gmt":"2020-06-10T17:31:06","guid":{"rendered":"https:\/\/maquinasombu.com.ar\/?post_type=product&#038;p=2344"},"modified":"2025-02-24T12:44:41","modified_gmt":"2025-02-24T15:44:41","slug":"semirremolque-volcador-bilateral-escalable","status":"publish","type":"product","link":"https:\/\/www.maquinasombu.com.ar\/en\/p\/semirremolque-volcador-bilateral-escalable\/","title":{"rendered":"side tipper semi-trailer"},"content":{"rendered":"<p>Configuraciones de ejes: tridem con suspensi\u00f3n neum\u00e1tica (PBTC 52T) o tridem con suspensi\u00f3n mec\u00e1nica (PBTC 49.5T)<\/p>\n<p>Capacidad: 26m3<\/p>\n<p>Compuesto por dos cajas, con una longitud individual de 5.50m<\/p>\n<p>Frenos Spring Brake, con campanas de freno de 8&#8243; y sistema anti-bloqueo ABS<\/p>\n<p>Apto para vuelco bilatereal de operaci\u00f3n individual. Accionamiento hidr\u00e1ulico compuesto por cinco cilindros telesc\u00f3picos reforzados de 4 etapas, 7&#8243; de di\u00e1metro y 800mm de recorrido. V\u00e1lvula de fin de carrera y sobre-presi\u00f3n.<\/p>\n<p>Carrozado: puertas laterales con doble apertura (pendular\/volcable), parantes con soportes. Totalmente desmontable.<\/p>\n<p>El port\u00f3n trasero de la caja delantera y el frente de la caja trasera se desacoplan para permitir la carga de elementos longitudinalmente.<\/p>\n<p>&nbsp;<\/p>","protected":false},"excerpt":{"rendered":"<p>Available for local regulation of PBTC 52T.<\/p>","protected":false},"featured_media":2347,"template":"","meta":{"ocean_post_layout":"","ocean_both_sidebars_style":"","ocean_both_sidebars_content_width":0,"ocean_both_sidebars_sidebars_width":0,"ocean_sidebar":"0","ocean_second_sidebar":"0","ocean_disable_margins":"enable","ocean_add_body_class":"","ocean_shortcode_before_top_bar":"","ocean_shortcode_after_top_bar":"","ocean_shortcode_before_header":"","ocean_shortcode_after_header":"","ocean_has_shortcode":"","ocean_shortcode_after_title":"","ocean_shortcode_before_footer_widgets":"","ocean_shortcode_after_footer_widgets":"","ocean_shortcode_before_footer_bottom":"","ocean_shortcode_after_footer_bottom":"","ocean_display_top_bar":"default","ocean_display_header":"default","ocean_header_style":"","ocean_center_header_left_menu":"0","ocean_custom_header_template":"0","ocean_custom_logo":0,"ocean_custom_retina_logo":0,"ocean_custom_logo_max_width":0,"ocean_custom_logo_tablet_max_width":0,"ocean_custom_logo_mobile_max_width":0,"ocean_custom_logo_max_height":0,"ocean_custom_logo_tablet_max_height":0,"ocean_custom_logo_mobile_max_height":0,"ocean_header_custom_menu":"0","ocean_menu_typo_font_family":"0","ocean_menu_typo_font_subset":"","ocean_menu_typo_font_size":0,"ocean_menu_typo_font_size_tablet":0,"ocean_menu_typo_font_size_mobile":0,"ocean_menu_typo_font_size_unit":"px","ocean_menu_typo_font_weight":"","ocean_menu_typo_font_weight_tablet":"","ocean_menu_typo_font_weight_mobile":"","ocean_menu_typo_transform":"","ocean_menu_typo_transform_tablet":"","ocean_menu_typo_transform_mobile":"","ocean_menu_typo_line_height":0,"ocean_menu_typo_line_height_tablet":0,"ocean_menu_typo_line_height_mobile":0,"ocean_menu_typo_line_height_unit":"","ocean_menu_typo_spacing":0,"ocean_menu_typo_spacing_tablet":0,"ocean_menu_typo_spacing_mobile":0,"ocean_menu_typo_spacing_unit":"","ocean_menu_link_color":"","ocean_menu_link_color_hover":"","ocean_menu_link_color_active":"","ocean_menu_link_background":"","ocean_menu_link_hover_background":"","ocean_menu_link_active_background":"","ocean_menu_social_links_bg":"","ocean_menu_social_hover_links_bg":"","ocean_menu_social_links_color":"","ocean_menu_social_hover_links_color":"","ocean_disable_title":"default","ocean_disable_heading":"default","ocean_post_title":"","ocean_post_subheading":"","ocean_post_title_style":"","ocean_post_title_background_color":"","ocean_post_title_background":0,"ocean_post_title_bg_image_position":"","ocean_post_title_bg_image_attachment":"","ocean_post_title_bg_image_repeat":"","ocean_post_title_bg_image_size":"","ocean_post_title_height":0,"ocean_post_title_bg_overlay":0.5,"ocean_post_title_bg_overlay_color":"","ocean_disable_breadcrumbs":"default","ocean_breadcrumbs_color":"","ocean_breadcrumbs_separator_color":"","ocean_breadcrumbs_links_color":"","ocean_breadcrumbs_links_hover_color":"","ocean_display_footer_widgets":"default","ocean_display_footer_bottom":"default","ocean_custom_footer_template":"0","omw_enable_modal_window":"enable"},"product_brand":[],"product_cat":[66,25,38],"product_tag":[20,176],"class_list":{"0":"post-2344","1":"product","2":"type-product","3":"status-publish","4":"has-post-thumbnail","6":"product_cat-productos","7":"product_cat-remolques","8":"product_cat-semi-remolques","9":"product_tag-nuevo","10":"product_tag-repuestos","12":"entry","13":"has-media","15":"first","16":"instock","17":"shipping-taxable","18":"product-type-simple","19":"col","20":"span_1_of_4","21":"owp-content-center","22":"owp-thumbs-layout-horizontal","23":"owp-btn-normal","24":"owp-tabs-layout-horizontal"},"yoast_head":"<!-- This site is optimized with the Yoast SEO plugin v21.4 - https:\/\/yoast.com\/wordpress\/plugins\/seo\/ -->\n<title>Semirremolque Volcador Bilateral Escalable &#187; Ombu<\/title>\n<meta name=\"robots\" content=\"index, follow, max-snippet:-1, max-image-preview:large, max-video-preview:-1\" \/>\n<link rel=\"canonical\" href=\"https:\/\/www.maquinasombu.com.ar\/en\/p\/semirremolque-volcador-bilateral-escalable\/\" \/>\n<meta property=\"og:locale\" content=\"en_US\" \/>\n<meta property=\"og:type\" content=\"article\" \/>\n<meta property=\"og:title\" content=\"Semirremolque Volcador Bilateral Escalable &#187; Ombu\" \/>\n<meta property=\"og:description\" content=\"Unidad apta para PBTC 52T.\" \/>\n<meta property=\"og:url\" content=\"https:\/\/www.maquinasombu.com.ar\/en\/p\/semirremolque-volcador-bilateral-escalable\/\" \/>\n<meta property=\"og:site_name\" content=\"Ombu\" \/>\n<meta property=\"article:modified_time\" content=\"2025-02-24T15:44:41+00:00\" \/>\n<meta property=\"og:image\" content=\"https:\/\/www.maquinasombu.com.ar\/wp-content\/uploads\/semi_vuelco_bilateral_tres-ejes.jpg\" \/>\n\t<meta property=\"og:image:width\" content=\"1280\" \/>\n\t<meta property=\"og:image:height\" content=\"840\" \/>\n\t<meta property=\"og:image:type\" content=\"image\/jpeg\" \/>\n<meta name=\"twitter:card\" content=\"summary_large_image\" \/>\n<meta name=\"twitter:label1\" content=\"Est. reading time\" \/>\n\t<meta name=\"twitter:data1\" content=\"1 minute\" \/>\n<script type=\"application\/ld+json\" class=\"yoast-schema-graph\">{\"@context\":\"https:\/\/schema.org\",\"@graph\":[{\"@type\":\"WebPage\",\"@id\":\"https:\/\/www.maquinasombu.com.ar\/p\/semirremolque-volcador-bilateral-escalable\/\",\"url\":\"https:\/\/www.maquinasombu.com.ar\/p\/semirremolque-volcador-bilateral-escalable\/\",\"name\":\"Semirremolque Volcador Bilateral Escalable &#187; Ombu\",\"isPartOf\":{\"@id\":\"https:\/\/www.maquinasombu.com.ar\/#website\"},\"datePublished\":\"2020-06-10T17:31:06+00:00\",\"dateModified\":\"2025-02-24T15:44:41+00:00\",\"breadcrumb\":{\"@id\":\"https:\/\/www.maquinasombu.com.ar\/p\/semirremolque-volcador-bilateral-escalable\/#breadcrumb\"},\"inLanguage\":\"en-US\",\"potentialAction\":[{\"@type\":\"ReadAction\",\"target\":[\"https:\/\/www.maquinasombu.com.ar\/p\/semirremolque-volcador-bilateral-escalable\/\"]}]},{\"@type\":\"BreadcrumbList\",\"@id\":\"https:\/\/www.maquinasombu.com.ar\/p\/semirremolque-volcador-bilateral-escalable\/#breadcrumb\",\"itemListElement\":[{\"@type\":\"ListItem\",\"position\":1,\"name\":\"Inicio\",\"item\":\"https:\/\/www.maquinasombu.com.ar\/\"},{\"@type\":\"ListItem\",\"position\":2,\"name\":\"Productos\",\"item\":\"https:\/\/www.maquinasombu.com.ar\/productos\/\"},{\"@type\":\"ListItem\",\"position\":3,\"name\":\"Semirremolque Volcador Bilateral Escalable\"}]},{\"@type\":\"WebSite\",\"@id\":\"https:\/\/www.maquinasombu.com.ar\/#website\",\"url\":\"https:\/\/www.maquinasombu.com.ar\/\",\"name\":\"Maquinas Omb\u00fa\",\"description\":\"Maquinarias Agr\u00edcolas y Remolques\",\"publisher\":{\"@id\":\"https:\/\/www.maquinasombu.com.ar\/#organization\"},\"alternateName\":\"Maquinas Omb\u00fa\",\"potentialAction\":[{\"@type\":\"SearchAction\",\"target\":{\"@type\":\"EntryPoint\",\"urlTemplate\":\"https:\/\/www.maquinasombu.com.ar\/?s={search_term_string}\"},\"query-input\":\"required name=search_term_string\"}],\"inLanguage\":\"en-US\"},{\"@type\":\"Organization\",\"@id\":\"https:\/\/www.maquinasombu.com.ar\/#organization\",\"name\":\"Maquinas Omb\u00fa\",\"alternateName\":\"Maquinas Omb\u00fa\",\"url\":\"https:\/\/www.maquinasombu.com.ar\/\",\"logo\":{\"@type\":\"ImageObject\",\"inLanguage\":\"en-US\",\"@id\":\"https:\/\/www.maquinasombu.com.ar\/#\/schema\/logo\/image\/\",\"url\":\"https:\/\/www.maquinasombu.com.ar\/wp-content\/uploads\/2019\/08\/ombu-logo.svg\",\"contentUrl\":\"https:\/\/www.maquinasombu.com.ar\/wp-content\/uploads\/2019\/08\/ombu-logo.svg\",\"caption\":\"Maquinas Omb\u00fa\"},\"image\":{\"@id\":\"https:\/\/www.maquinasombu.com.ar\/#\/schema\/logo\/image\/\"}}]}<\/script>\n<!-- \/ Yoast SEO plugin. -->","yoast_head_json":{"title":"Semirremolque Volcador Bilateral Escalable &#187; Ombu","robots":{"index":"index","follow":"follow","max-snippet":"max-snippet:-1","max-image-preview":"max-image-preview:large","max-video-preview":"max-video-preview:-1"},"canonical":"https:\/\/www.maquinasombu.com.ar\/en\/p\/semirremolque-volcador-bilateral-escalable\/","og_locale":"en_US","og_type":"article","og_title":"Semirremolque Volcador Bilateral Escalable &#187; Ombu","og_description":"Unidad apta para PBTC 52T.","og_url":"https:\/\/www.maquinasombu.com.ar\/en\/p\/semirremolque-volcador-bilateral-escalable\/","og_site_name":"Ombu","article_modified_time":"2025-02-24T15:44:41+00:00","og_image":[{"width":1280,"height":840,"url":"https:\/\/www.maquinasombu.com.ar\/wp-content\/uploads\/semi_vuelco_bilateral_tres-ejes.jpg","type":"image\/jpeg"}],"twitter_card":"summary_large_image","twitter_misc":{"Est. reading time":"1 minute"},"schema":{"@context":"https:\/\/schema.org","@graph":[{"@type":"WebPage","@id":"https:\/\/www.maquinasombu.com.ar\/p\/semirremolque-volcador-bilateral-escalable\/","url":"https:\/\/www.maquinasombu.com.ar\/p\/semirremolque-volcador-bilateral-escalable\/","name":"Semirremolque Volcador Bilateral Escalable &#187; Ombu","isPartOf":{"@id":"https:\/\/www.maquinasombu.com.ar\/#website"},"datePublished":"2020-06-10T17:31:06+00:00","dateModified":"2025-02-24T15:44:41+00:00","breadcrumb":{"@id":"https:\/\/www.maquinasombu.com.ar\/p\/semirremolque-volcador-bilateral-escalable\/#breadcrumb"},"inLanguage":"en-US","potentialAction":[{"@type":"ReadAction","target":["https:\/\/www.maquinasombu.com.ar\/p\/semirremolque-volcador-bilateral-escalable\/"]}]},{"@type":"BreadcrumbList","@id":"https:\/\/www.maquinasombu.com.ar\/p\/semirremolque-volcador-bilateral-escalable\/#breadcrumb","itemListElement":[{"@type":"ListItem","position":1,"name":"Inicio","item":"https:\/\/www.maquinasombu.com.ar\/"},{"@type":"ListItem","position":2,"name":"Productos","item":"https:\/\/www.maquinasombu.com.ar\/productos\/"},{"@type":"ListItem","position":3,"name":"Semirremolque Volcador Bilateral Escalable"}]},{"@type":"WebSite","@id":"https:\/\/www.maquinasombu.com.ar\/#website","url":"https:\/\/www.maquinasombu.com.ar\/","name":"Maquinas Omb\u00fa","description":"Maquinarias Agr\u00edcolas y Remolques","publisher":{"@id":"https:\/\/www.maquinasombu.com.ar\/#organization"},"alternateName":"Maquinas Omb\u00fa","potentialAction":[{"@type":"SearchAction","target":{"@type":"EntryPoint","urlTemplate":"https:\/\/www.maquinasombu.com.ar\/?s={search_term_string}"},"query-input":"required name=search_term_string"}],"inLanguage":"en-US"},{"@type":"Organization","@id":"https:\/\/www.maquinasombu.com.ar\/#organization","name":"Maquinas Omb\u00fa","alternateName":"Maquinas Omb\u00fa","url":"https:\/\/www.maquinasombu.com.ar\/","logo":{"@type":"ImageObject","inLanguage":"en-US","@id":"https:\/\/www.maquinasombu.com.ar\/#\/schema\/logo\/image\/","url":"https:\/\/www.maquinasombu.com.ar\/wp-content\/uploads\/2019\/08\/ombu-logo.svg","contentUrl":"https:\/\/www.maquinasombu.com.ar\/wp-content\/uploads\/2019\/08\/ombu-logo.svg","caption":"Maquinas Omb\u00fa"},"image":{"@id":"https:\/\/www.maquinasombu.com.ar\/#\/schema\/logo\/image\/"}}]}},"_links":{"self":[{"href":"https:\/\/www.maquinasombu.com.ar\/en\/wp-json\/wp\/v2\/product\/2344","targetHints":{"allow":["GET"]}}],"collection":[{"href":"https:\/\/www.maquinasombu.com.ar\/en\/wp-json\/wp\/v2\/product"}],"about":[{"href":"https:\/\/www.maquinasombu.com.ar\/en\/wp-json\/wp\/v2\/types\/product"}],"version-history":[{"count":3,"href":"https:\/\/www.maquinasombu.com.ar\/en\/wp-json\/wp\/v2\/product\/2344\/revisions"}],"predecessor-version":[{"id":12254,"href":"https:\/\/www.maquinasombu.com.ar\/en\/wp-json\/wp\/v2\/product\/2344\/revisions\/12254"}],"wp:featuredmedia":[{"embeddable":true,"href":"https:\/\/www.maquinasombu.com.ar\/en\/wp-json\/wp\/v2\/media\/2347"}],"wp:attachment":[{"href":"https:\/\/www.maquinasombu.com.ar\/en\/wp-json\/wp\/v2\/media?parent=2344"}],"wp:term":[{"taxonomy":"product_brand","embeddable":true,"href":"https:\/\/www.maquinasombu.com.ar\/en\/wp-json\/wp\/v2\/product_brand?post=2344"},{"taxonomy":"product_cat","embeddable":true,"href":"https:\/\/www.maquinasombu.com.ar\/en\/wp-json\/wp\/v2\/product_cat?post=2344"},{"taxonomy":"product_tag","embeddable":true,"href":"https:\/\/www.maquinasombu.com.ar\/en\/wp-json\/wp\/v2\/product_tag?post=2344"}],"curies":[{"name":"wp","href":"https:\/\/api.w.org\/{rel}","templated":true}]}}