{"id":5608,"date":"2021-02-05T13:26:40","date_gmt":"2021-02-05T16:26:40","guid":{"rendered":"https:\/\/maquinasombu.com.ar\/?post_type=product&#038;p=5608"},"modified":"2023-10-23T10:25:23","modified_gmt":"2023-10-23T13:25:23","slug":"acoplado-todo-puertas-4-puertas","status":"publish","type":"product","link":"https:\/\/www.maquinasombu.com.ar\/en\/p\/acoplado-todo-puertas-4-puertas\/","title":{"rendered":"ALL DOORS TYPE TRAILER | 4 AXLES"},"content":{"rendered":"<p>Largos exteriores: 9,30m \u2013 9,60m \u2013 10,50m. Ancho exterior: 2,60m. Chasis fabricado con 2 vigas Doble T realizadas en acero de alta resistencia. Aro giratorio con doble hilera de bolas reforzado \u2013 \u00d8 1000 x 1000mm. Carrozado compuesto por parantes desmontables, puertas laterales todo \u2013 puerta tipo libro. Frente 1,80m o 1,60m con parantes prolongados. Suspensi\u00f3n mec\u00e1nica por medio de el\u00e1sticos reforzados de 12 hojas. Opcionalmente se provee de Suspensi\u00f3n neum\u00e1tica integral ITG marca Boero. Sistema de frenos Qmax con campana de 8\u2033, Spring Brake y sistema anti \u2013 bloqueo ABS. Opcional: sistema electr\u00f3nico de frenado EBS y control electr\u00f3nico de estabilidad ESC. Iluminaci\u00f3n LED Protecci\u00f3n guarda \u2013 ciclista lateral seg\u00fan Norma IRAM \u2013 AITA 10276. Paragolpes trasero seg\u00fan Norma IRAM \u2013 AITA 10260.<\/p>\n<p>Opcional: sistema de cobertura de lona (destape).<\/p>","protected":false},"excerpt":{"rendered":"<p>More capacity, secutity and efficience.<\/p>","protected":false},"featured_media":5612,"template":"","meta":{"ocean_post_layout":"","ocean_both_sidebars_style":"","ocean_both_sidebars_content_width":0,"ocean_both_sidebars_sidebars_width":0,"ocean_sidebar":"0","ocean_second_sidebar":"0","ocean_disable_margins":"enable","ocean_add_body_class":"","ocean_shortcode_before_top_bar":"","ocean_shortcode_after_top_bar":"","ocean_shortcode_before_header":"","ocean_shortcode_after_header":"","ocean_has_shortcode":"","ocean_shortcode_after_title":"","ocean_shortcode_before_footer_widgets":"","ocean_shortcode_after_footer_widgets":"","ocean_shortcode_before_footer_bottom":"","ocean_shortcode_after_footer_bottom":"","ocean_display_top_bar":"default","ocean_display_header":"default","ocean_header_style":"","ocean_center_header_left_menu":"0","ocean_custom_header_template":"0","ocean_custom_logo":0,"ocean_custom_retina_logo":0,"ocean_custom_logo_max_width":0,"ocean_custom_logo_tablet_max_width":0,"ocean_custom_logo_mobile_max_width":0,"ocean_custom_logo_max_height":0,"ocean_custom_logo_tablet_max_height":0,"ocean_custom_logo_mobile_max_height":0,"ocean_header_custom_menu":"0","ocean_menu_typo_font_family":"0","ocean_menu_typo_font_subset":"","ocean_menu_typo_font_size":0,"ocean_menu_typo_font_size_tablet":0,"ocean_menu_typo_font_size_mobile":0,"ocean_menu_typo_font_size_unit":"px","ocean_menu_typo_font_weight":"","ocean_menu_typo_font_weight_tablet":"","ocean_menu_typo_font_weight_mobile":"","ocean_menu_typo_transform":"","ocean_menu_typo_transform_tablet":"","ocean_menu_typo_transform_mobile":"","ocean_menu_typo_line_height":0,"ocean_menu_typo_line_height_tablet":0,"ocean_menu_typo_line_height_mobile":0,"ocean_menu_typo_line_height_unit":"","ocean_menu_typo_spacing":0,"ocean_menu_typo_spacing_tablet":0,"ocean_menu_typo_spacing_mobile":0,"ocean_menu_typo_spacing_unit":"","ocean_menu_link_color":"","ocean_menu_link_color_hover":"","ocean_menu_link_color_active":"","ocean_menu_link_background":"","ocean_menu_link_hover_background":"","ocean_menu_link_active_background":"","ocean_menu_social_links_bg":"","ocean_menu_social_hover_links_bg":"","ocean_menu_social_links_color":"","ocean_menu_social_hover_links_color":"","ocean_disable_title":"default","ocean_disable_heading":"default","ocean_post_title":"","ocean_post_subheading":"","ocean_post_title_style":"","ocean_post_title_background_color":"","ocean_post_title_background":0,"ocean_post_title_bg_image_position":"","ocean_post_title_bg_image_attachment":"","ocean_post_title_bg_image_repeat":"","ocean_post_title_bg_image_size":"","ocean_post_title_height":0,"ocean_post_title_bg_overlay":0.5,"ocean_post_title_bg_overlay_color":"","ocean_disable_breadcrumbs":"default","ocean_breadcrumbs_color":"","ocean_breadcrumbs_separator_color":"","ocean_breadcrumbs_links_color":"","ocean_breadcrumbs_links_hover_color":"","ocean_display_footer_widgets":"default","ocean_display_footer_bottom":"default","ocean_custom_footer_template":"0","omw_enable_modal_window":"enable"},"product_brand":[],"product_cat":[37,66,25],"product_tag":[20,176],"class_list":{"0":"post-5608","1":"product","2":"type-product","3":"status-publish","4":"has-post-thumbnail","6":"product_cat-acoplados","7":"product_cat-productos","8":"product_cat-remolques","9":"product_tag-nuevo","10":"product_tag-repuestos","12":"entry","13":"has-media","15":"first","16":"instock","17":"shipping-taxable","18":"product-type-simple","19":"col","20":"span_1_of_4","21":"owp-content-center","22":"owp-thumbs-layout-horizontal","23":"owp-btn-normal","24":"owp-tabs-layout-horizontal","25":"has-no-thumbnails"},"yoast_head":"<!-- This site is optimized with the Yoast SEO plugin v21.4 - https:\/\/yoast.com\/wordpress\/plugins\/seo\/ -->\n<title>Acoplado Todo Puertas - 4 ejes &#187; Ombu<\/title>\n<meta name=\"robots\" content=\"index, follow, max-snippet:-1, max-image-preview:large, max-video-preview:-1\" \/>\n<link rel=\"canonical\" href=\"https:\/\/www.maquinasombu.com.ar\/en\/p\/acoplado-todo-puertas-4-puertas\/\" \/>\n<meta property=\"og:locale\" content=\"en_US\" \/>\n<meta property=\"og:type\" content=\"article\" \/>\n<meta property=\"og:title\" content=\"Acoplado Todo Puertas - 4 ejes &#187; Ombu\" \/>\n<meta property=\"og:description\" content=\"Mayor capacidad. M\u00e1s seguridad. Mayor eficiencia.\" \/>\n<meta property=\"og:url\" content=\"https:\/\/www.maquinasombu.com.ar\/en\/p\/acoplado-todo-puertas-4-puertas\/\" \/>\n<meta property=\"og:site_name\" content=\"Ombu\" \/>\n<meta property=\"article:modified_time\" content=\"2023-10-23T13:25:23+00:00\" \/>\n<meta property=\"og:image\" content=\"http:\/\/www.maquinasombu.com.ar\/wp-content\/uploads\/acoplado_ombu_4-ejes_todo-puertas_producto.jpg\" \/>\n\t<meta property=\"og:image:width\" content=\"1280\" \/>\n\t<meta property=\"og:image:height\" content=\"840\" \/>\n\t<meta property=\"og:image:type\" content=\"image\/jpeg\" \/>\n<meta name=\"twitter:card\" content=\"summary_large_image\" \/>\n<meta name=\"twitter:label1\" content=\"Est. reading time\" \/>\n\t<meta name=\"twitter:data1\" content=\"1 minute\" \/>\n<script type=\"application\/ld+json\" class=\"yoast-schema-graph\">{\"@context\":\"https:\/\/schema.org\",\"@graph\":[{\"@type\":\"WebPage\",\"@id\":\"https:\/\/www.maquinasombu.com.ar\/p\/acoplado-todo-puertas-4-puertas\/\",\"url\":\"https:\/\/www.maquinasombu.com.ar\/p\/acoplado-todo-puertas-4-puertas\/\",\"name\":\"Acoplado Todo Puertas - 4 ejes &#187; Ombu\",\"isPartOf\":{\"@id\":\"https:\/\/www.maquinasombu.com.ar\/#website\"},\"datePublished\":\"2021-02-05T16:26:40+00:00\",\"dateModified\":\"2023-10-23T13:25:23+00:00\",\"breadcrumb\":{\"@id\":\"https:\/\/www.maquinasombu.com.ar\/p\/acoplado-todo-puertas-4-puertas\/#breadcrumb\"},\"inLanguage\":\"en-US\",\"potentialAction\":[{\"@type\":\"ReadAction\",\"target\":[\"https:\/\/www.maquinasombu.com.ar\/p\/acoplado-todo-puertas-4-puertas\/\"]}]},{\"@type\":\"BreadcrumbList\",\"@id\":\"https:\/\/www.maquinasombu.com.ar\/p\/acoplado-todo-puertas-4-puertas\/#breadcrumb\",\"itemListElement\":[{\"@type\":\"ListItem\",\"position\":1,\"name\":\"Inicio\",\"item\":\"https:\/\/www.maquinasombu.com.ar\/\"},{\"@type\":\"ListItem\",\"position\":2,\"name\":\"Productos\",\"item\":\"https:\/\/www.maquinasombu.com.ar\/productos\/\"},{\"@type\":\"ListItem\",\"position\":3,\"name\":\"Acoplado Todo Puertas &#8211; 4 ejes\"}]},{\"@type\":\"WebSite\",\"@id\":\"https:\/\/www.maquinasombu.com.ar\/#website\",\"url\":\"https:\/\/www.maquinasombu.com.ar\/\",\"name\":\"Maquinas Omb\u00fa\",\"description\":\"Maquinarias Agr\u00edcolas y Remolques\",\"publisher\":{\"@id\":\"https:\/\/www.maquinasombu.com.ar\/#organization\"},\"alternateName\":\"Maquinas Omb\u00fa\",\"potentialAction\":[{\"@type\":\"SearchAction\",\"target\":{\"@type\":\"EntryPoint\",\"urlTemplate\":\"https:\/\/www.maquinasombu.com.ar\/?s={search_term_string}\"},\"query-input\":\"required name=search_term_string\"}],\"inLanguage\":\"en-US\"},{\"@type\":\"Organization\",\"@id\":\"https:\/\/www.maquinasombu.com.ar\/#organization\",\"name\":\"Maquinas Omb\u00fa\",\"alternateName\":\"Maquinas Omb\u00fa\",\"url\":\"https:\/\/www.maquinasombu.com.ar\/\",\"logo\":{\"@type\":\"ImageObject\",\"inLanguage\":\"en-US\",\"@id\":\"https:\/\/www.maquinasombu.com.ar\/#\/schema\/logo\/image\/\",\"url\":\"https:\/\/www.maquinasombu.com.ar\/wp-content\/uploads\/2019\/08\/ombu-logo.svg\",\"contentUrl\":\"https:\/\/www.maquinasombu.com.ar\/wp-content\/uploads\/2019\/08\/ombu-logo.svg\",\"caption\":\"Maquinas Omb\u00fa\"},\"image\":{\"@id\":\"https:\/\/www.maquinasombu.com.ar\/#\/schema\/logo\/image\/\"}}]}<\/script>\n<!-- \/ Yoast SEO plugin. -->","yoast_head_json":{"title":"Acoplado Todo Puertas - 4 ejes &#187; Ombu","robots":{"index":"index","follow":"follow","max-snippet":"max-snippet:-1","max-image-preview":"max-image-preview:large","max-video-preview":"max-video-preview:-1"},"canonical":"https:\/\/www.maquinasombu.com.ar\/en\/p\/acoplado-todo-puertas-4-puertas\/","og_locale":"en_US","og_type":"article","og_title":"Acoplado Todo Puertas - 4 ejes &#187; Ombu","og_description":"Mayor capacidad. M\u00e1s seguridad. Mayor eficiencia.","og_url":"https:\/\/www.maquinasombu.com.ar\/en\/p\/acoplado-todo-puertas-4-puertas\/","og_site_name":"Ombu","article_modified_time":"2023-10-23T13:25:23+00:00","og_image":[{"width":1280,"height":840,"url":"http:\/\/www.maquinasombu.com.ar\/wp-content\/uploads\/acoplado_ombu_4-ejes_todo-puertas_producto.jpg","type":"image\/jpeg"}],"twitter_card":"summary_large_image","twitter_misc":{"Est. reading time":"1 minute"},"schema":{"@context":"https:\/\/schema.org","@graph":[{"@type":"WebPage","@id":"https:\/\/www.maquinasombu.com.ar\/p\/acoplado-todo-puertas-4-puertas\/","url":"https:\/\/www.maquinasombu.com.ar\/p\/acoplado-todo-puertas-4-puertas\/","name":"Acoplado Todo Puertas - 4 ejes &#187; Ombu","isPartOf":{"@id":"https:\/\/www.maquinasombu.com.ar\/#website"},"datePublished":"2021-02-05T16:26:40+00:00","dateModified":"2023-10-23T13:25:23+00:00","breadcrumb":{"@id":"https:\/\/www.maquinasombu.com.ar\/p\/acoplado-todo-puertas-4-puertas\/#breadcrumb"},"inLanguage":"en-US","potentialAction":[{"@type":"ReadAction","target":["https:\/\/www.maquinasombu.com.ar\/p\/acoplado-todo-puertas-4-puertas\/"]}]},{"@type":"BreadcrumbList","@id":"https:\/\/www.maquinasombu.com.ar\/p\/acoplado-todo-puertas-4-puertas\/#breadcrumb","itemListElement":[{"@type":"ListItem","position":1,"name":"Inicio","item":"https:\/\/www.maquinasombu.com.ar\/"},{"@type":"ListItem","position":2,"name":"Productos","item":"https:\/\/www.maquinasombu.com.ar\/productos\/"},{"@type":"ListItem","position":3,"name":"Acoplado Todo Puertas &#8211; 4 ejes"}]},{"@type":"WebSite","@id":"https:\/\/www.maquinasombu.com.ar\/#website","url":"https:\/\/www.maquinasombu.com.ar\/","name":"Maquinas Omb\u00fa","description":"Maquinarias Agr\u00edcolas y Remolques","publisher":{"@id":"https:\/\/www.maquinasombu.com.ar\/#organization"},"alternateName":"Maquinas Omb\u00fa","potentialAction":[{"@type":"SearchAction","target":{"@type":"EntryPoint","urlTemplate":"https:\/\/www.maquinasombu.com.ar\/?s={search_term_string}"},"query-input":"required name=search_term_string"}],"inLanguage":"en-US"},{"@type":"Organization","@id":"https:\/\/www.maquinasombu.com.ar\/#organization","name":"Maquinas Omb\u00fa","alternateName":"Maquinas Omb\u00fa","url":"https:\/\/www.maquinasombu.com.ar\/","logo":{"@type":"ImageObject","inLanguage":"en-US","@id":"https:\/\/www.maquinasombu.com.ar\/#\/schema\/logo\/image\/","url":"https:\/\/www.maquinasombu.com.ar\/wp-content\/uploads\/2019\/08\/ombu-logo.svg","contentUrl":"https:\/\/www.maquinasombu.com.ar\/wp-content\/uploads\/2019\/08\/ombu-logo.svg","caption":"Maquinas Omb\u00fa"},"image":{"@id":"https:\/\/www.maquinasombu.com.ar\/#\/schema\/logo\/image\/"}}]}},"_links":{"self":[{"href":"https:\/\/www.maquinasombu.com.ar\/en\/wp-json\/wp\/v2\/product\/5608","targetHints":{"allow":["GET"]}}],"collection":[{"href":"https:\/\/www.maquinasombu.com.ar\/en\/wp-json\/wp\/v2\/product"}],"about":[{"href":"https:\/\/www.maquinasombu.com.ar\/en\/wp-json\/wp\/v2\/types\/product"}],"version-history":[{"count":1,"href":"https:\/\/www.maquinasombu.com.ar\/en\/wp-json\/wp\/v2\/product\/5608\/revisions"}],"predecessor-version":[{"id":12236,"href":"https:\/\/www.maquinasombu.com.ar\/en\/wp-json\/wp\/v2\/product\/5608\/revisions\/12236"}],"wp:featuredmedia":[{"embeddable":true,"href":"https:\/\/www.maquinasombu.com.ar\/en\/wp-json\/wp\/v2\/media\/5612"}],"wp:attachment":[{"href":"https:\/\/www.maquinasombu.com.ar\/en\/wp-json\/wp\/v2\/media?parent=5608"}],"wp:term":[{"taxonomy":"product_brand","embeddable":true,"href":"https:\/\/www.maquinasombu.com.ar\/en\/wp-json\/wp\/v2\/product_brand?post=5608"},{"taxonomy":"product_cat","embeddable":true,"href":"https:\/\/www.maquinasombu.com.ar\/en\/wp-json\/wp\/v2\/product_cat?post=5608"},{"taxonomy":"product_tag","embeddable":true,"href":"https:\/\/www.maquinasombu.com.ar\/en\/wp-json\/wp\/v2\/product_tag?post=5608"}],"curies":[{"name":"wp","href":"https:\/\/api.w.org\/{rel}","templated":true}]}}