{"id":7543,"date":"2021-08-05T12:58:51","date_gmt":"2021-08-05T15:58:51","guid":{"rendered":"https:\/\/www.maquinasombu.com.ar\/?post_type=product&#038;p=7543"},"modified":"2023-10-23T10:26:47","modified_gmt":"2023-10-23T13:26:47","slug":"acoplado-volcador-bilateral-4-ejes","status":"publish","type":"product","link":"https:\/\/www.maquinasombu.com.ar\/en\/p\/acoplado-volcador-bilateral-4-ejes\/","title":{"rendered":"Acoplado volcador bilateral &#8211; 4 ejes"},"content":{"rendered":"<p><strong>Modelos:<\/strong><\/p>\n<p>Largo: 9,30m \u2013 23m3 (tara 9.400Kg)<\/p>\n<p>Largo: 9,60m \u2013 23.5m3 (tara 9.500Kg)<\/p>\n<p>Ancho: 2,60m<\/p>\n<p>Frente: 0,80 &#8211; 1,00 &#8211; 1,20 &#8211; 1,40 &#8211; 1,60m<\/p>\n<p>Carrozado: Puertas de 0,80 &#8211; 1,00m<\/p>\n<p>Llantas: a disco 9.00\u201d x 22.5\u201d<\/p>\n<p>Peso Bruto Total: 36.000 kg.<\/p>\n<p><strong>\u00a0<\/strong><strong>Chasis:<\/strong><\/p>\n<p><u>Vigas:<\/u> Construidas en Doble T con alma de acero microaleado, espesor 6,35mm. Ala inferior de planchuela \u00a05\u201d x 3\/4\u201d de espesor y ala superior de planchuela 5\u201d x 5\/8\u201d de espesor. Las vigas est\u00e1n unidas por travesa\u00f1os del mismo acero que el alma. Tambi\u00e9n est\u00e1n vinculadas por tubos conformados en chapa plegada del mismo acero, todo soldado de manera tal de conferirle libertad torsional a toda la estructura del chasis.<\/p>\n<p><u>Manotas de suspensi\u00f3n<\/u>: Realizadas en chapa estampada de acero SAE 1010 y soldadas al ala inferior de las vigas.<\/p>\n<p><u>Tren delantero:<\/u> Construidas en Doble T con alma de acero microaleado, espesor 6,35mm. Ala de planchuela\u00a0 5\u201d x 3\/8\u201d de espesor. Las vigas est\u00e1n unidas por travesa\u00f1os del mismo acero que el alma.<\/p>\n<p><u>Aro de Bolas:<\/u> De doble hilera reforzado. Bolas de Acero al Cromo de 5\/8\u201d inferior y 3\/4\u201d superior.<\/p>\n<p><u>Material: <\/u><\/p>\n<ul>\n<li>Acero microaleado 420 MPa de resistencia el\u00e1stica, origen Siderar.<\/li>\n<li>Planchuelas Acero SAE 1525, origen Acindar.<\/li>\n<\/ul>\n<p><u>Soldadura:<\/u> Todas las soldaduras son con sistema GMAW autom\u00e1tica y semiautom\u00e1tica con gas binario 80\/20 Arg\u00f3n \/Anh\u00eddrido Carb\u00f3nico. Alambre \u00d8 1,2mm.<\/p>\n<p><strong>Sistema de frenos:<\/strong><\/p>\n<p>El sistema de frenos es de accionamiento por aire, constituido por un doble circuito \u201cUno de servicio\u201d y otro de \u201cEmergencia\u201d (Spring Brake). Compuesto por tanques de almacenamiento de aire, los cuales sirven para reservorio tanto para el caso de accionamiento de los frenos durante el servicio como para el caso de emergencia y estacionamiento.<\/p>\n<p>Todos sus componentes est\u00e1n dise\u00f1ados para soportar las exigencias m\u00e1s severas de prestaci\u00f3n, como velocidad de respuesta y correcto frenado.<\/p>\n<p><strong>Suspensi\u00f3n:<\/strong><\/p>\n<p>Manotas de acero estampado con apoyo de ballestas intercambiables, bujes de tensores silentblock y buje de balanc\u00edn con poliamida recubierta con bisulfuro de molibdeno de alta resistencia, duraci\u00f3n y auto lubricado.<\/p>\n<p>La suspensi\u00f3n es del tipo mec\u00e1nica con ballestas el\u00e1sticas de 12 hojas, 13mm espesor por 76mm de ancho (1\/2\u201d x 3\u201d). Las mismas van montadas sobre ejes marca Boero que tienen un tubo de 5\u201d (127mm) por 17mm de espesor de pared, con puntas de ejes huecas colocadas por interferencia t\u00e9rmica, los mismos est\u00e1n preparados para la colocaci\u00f3n del sistema calibrador autom\u00e1tico.<\/p>\n<p>Los rodamientos son c\u00f3nicos a rodillos gemelos lubricados con grasa para altas presiones.<\/p>\n<p>Las campanas de los ejes son de fundici\u00f3n nodular con cintas de frenos de 8\u201d de ancho Qmax.<\/p>\n<p>&nbsp;<\/p>\n<p><strong>Detalles del carrozado:<\/strong><\/p>\n<p><u>Frente:<\/u> Realizado en chapa met\u00e1lica Acero SAE 1010 Doble Decapada, espesor 2 mm plegada, con rinconeras de espesor 3,17mm, a cada lado del mismo y dos parantes de espesor 3,17mm, de refuerzo en la zona central. Enteramente soldado con sistema GMAW con maquinas autom\u00e1ticas de gas inerte.<\/p>\n<p><u>Puertas<\/u>: Construida en chapa plegada de Acero SAE 1010 Doble Decapada, espesor 2mm plegada. Poseen doble apertura, volcable y pivotante a trav\u00e9s de barrales de acero trefilado 19,05mm de di\u00e1metro, que hacen de ejes.<\/p>\n<p><u>Parantes y Rinconeras:<\/u> Abulonados, de chapa met\u00e1lica Acero SAE 1010, espesor 3,17mm plegados para darle rigidez y resistencia.<\/p>\n<p><u>Piso:<\/u> Pieza continua que conforma el fald\u00f3n, realizado en chapa comercial de espesor 4,76mm.<\/p>\n<p><u>Herrajes:<\/u> todos los herrajes para el cierre de puertas son de calidad Acero Microfusi\u00f3n de excelente terminaci\u00f3n superficial.<\/p>\n<p><u>Accesorios:<\/u> Porta auxilio doble. Caj\u00f3n de herramientas. Escalera en el frente. Ata sogas. Paragolpes rebatible. Guardabarros de pl\u00e1stico con pantallas de goma antispray.<\/p>","protected":false},"excerpt":{"rendered":"<p>More capacity, secutity and efficience.<\/p>","protected":false},"featured_media":7544,"template":"","meta":{"ocean_post_layout":"","ocean_both_sidebars_style":"","ocean_both_sidebars_content_width":0,"ocean_both_sidebars_sidebars_width":0,"ocean_sidebar":"0","ocean_second_sidebar":"0","ocean_disable_margins":"enable","ocean_add_body_class":"","ocean_shortcode_before_top_bar":"","ocean_shortcode_after_top_bar":"","ocean_shortcode_before_header":"","ocean_shortcode_after_header":"","ocean_has_shortcode":"","ocean_shortcode_after_title":"","ocean_shortcode_before_footer_widgets":"","ocean_shortcode_after_footer_widgets":"","ocean_shortcode_before_footer_bottom":"","ocean_shortcode_after_footer_bottom":"","ocean_display_top_bar":"default","ocean_display_header":"default","ocean_header_style":"","ocean_center_header_left_menu":"0","ocean_custom_header_template":"0","ocean_custom_logo":0,"ocean_custom_retina_logo":0,"ocean_custom_logo_max_width":0,"ocean_custom_logo_tablet_max_width":0,"ocean_custom_logo_mobile_max_width":0,"ocean_custom_logo_max_height":0,"ocean_custom_logo_tablet_max_height":0,"ocean_custom_logo_mobile_max_height":0,"ocean_header_custom_menu":"0","ocean_menu_typo_font_family":"0","ocean_menu_typo_font_subset":"","ocean_menu_typo_font_size":0,"ocean_menu_typo_font_size_tablet":0,"ocean_menu_typo_font_size_mobile":0,"ocean_menu_typo_font_size_unit":"px","ocean_menu_typo_font_weight":"","ocean_menu_typo_font_weight_tablet":"","ocean_menu_typo_font_weight_mobile":"","ocean_menu_typo_transform":"","ocean_menu_typo_transform_tablet":"","ocean_menu_typo_transform_mobile":"","ocean_menu_typo_line_height":0,"ocean_menu_typo_line_height_tablet":0,"ocean_menu_typo_line_height_mobile":0,"ocean_menu_typo_line_height_unit":"","ocean_menu_typo_spacing":0,"ocean_menu_typo_spacing_tablet":0,"ocean_menu_typo_spacing_mobile":0,"ocean_menu_typo_spacing_unit":"","ocean_menu_link_color":"","ocean_menu_link_color_hover":"","ocean_menu_link_color_active":"","ocean_menu_link_background":"","ocean_menu_link_hover_background":"","ocean_menu_link_active_background":"","ocean_menu_social_links_bg":"","ocean_menu_social_hover_links_bg":"","ocean_menu_social_links_color":"","ocean_menu_social_hover_links_color":"","ocean_disable_title":"default","ocean_disable_heading":"default","ocean_post_title":"","ocean_post_subheading":"","ocean_post_title_style":"","ocean_post_title_background_color":"","ocean_post_title_background":0,"ocean_post_title_bg_image_position":"","ocean_post_title_bg_image_attachment":"","ocean_post_title_bg_image_repeat":"","ocean_post_title_bg_image_size":"","ocean_post_title_height":0,"ocean_post_title_bg_overlay":0.5,"ocean_post_title_bg_overlay_color":"","ocean_disable_breadcrumbs":"default","ocean_breadcrumbs_color":"","ocean_breadcrumbs_separator_color":"","ocean_breadcrumbs_links_color":"","ocean_breadcrumbs_links_hover_color":"","ocean_display_footer_widgets":"default","ocean_display_footer_bottom":"default","ocean_custom_footer_template":"0","omw_enable_modal_window":"enable"},"product_brand":[],"product_cat":[37,66,25],"product_tag":[20],"class_list":{"0":"post-7543","1":"product","2":"type-product","3":"status-publish","4":"has-post-thumbnail","6":"product_cat-acoplados","7":"product_cat-productos","8":"product_cat-remolques","9":"product_tag-nuevo","11":"entry","12":"has-media","14":"first","15":"instock","16":"shipping-taxable","17":"product-type-simple","18":"col","19":"span_1_of_4","20":"owp-content-center","21":"owp-thumbs-layout-horizontal","22":"owp-btn-normal","23":"owp-tabs-layout-horizontal","24":"has-no-thumbnails"},"yoast_head":"<!-- This site is optimized with the Yoast SEO plugin v21.4 - https:\/\/yoast.com\/wordpress\/plugins\/seo\/ -->\n<title>Acoplado volcador bilateral - 4 ejes &#187; Ombu<\/title>\n<meta name=\"robots\" content=\"index, follow, max-snippet:-1, max-image-preview:large, max-video-preview:-1\" \/>\n<link rel=\"canonical\" href=\"https:\/\/www.maquinasombu.com.ar\/en\/p\/acoplado-volcador-bilateral-4-ejes\/\" \/>\n<meta property=\"og:locale\" content=\"en_US\" \/>\n<meta property=\"og:type\" content=\"article\" \/>\n<meta property=\"og:title\" content=\"Acoplado volcador bilateral - 4 ejes &#187; Ombu\" \/>\n<meta property=\"og:description\" content=\"Mayor capacidad. M\u00e1s seguridad. Mayor eficiencia.\" \/>\n<meta property=\"og:url\" content=\"https:\/\/www.maquinasombu.com.ar\/en\/p\/acoplado-volcador-bilateral-4-ejes\/\" \/>\n<meta property=\"og:site_name\" content=\"Ombu\" \/>\n<meta property=\"article:modified_time\" content=\"2023-10-23T13:26:47+00:00\" \/>\n<meta property=\"og:image\" content=\"http:\/\/www.maquinasombu.com.ar\/wp-content\/uploads\/acoplado_volcador_bilateral_ombu_4-ejes-I.jpg\" \/>\n\t<meta property=\"og:image:width\" content=\"1280\" \/>\n\t<meta property=\"og:image:height\" content=\"840\" \/>\n\t<meta property=\"og:image:type\" content=\"image\/jpeg\" \/>\n<meta name=\"twitter:card\" content=\"summary_large_image\" \/>\n<meta name=\"twitter:label1\" content=\"Est. reading time\" \/>\n\t<meta name=\"twitter:data1\" content=\"3 minutes\" \/>\n<script type=\"application\/ld+json\" class=\"yoast-schema-graph\">{\"@context\":\"https:\/\/schema.org\",\"@graph\":[{\"@type\":\"WebPage\",\"@id\":\"https:\/\/www.maquinasombu.com.ar\/p\/acoplado-volcador-bilateral-4-ejes\/\",\"url\":\"https:\/\/www.maquinasombu.com.ar\/p\/acoplado-volcador-bilateral-4-ejes\/\",\"name\":\"Acoplado volcador bilateral - 4 ejes &#187; Ombu\",\"isPartOf\":{\"@id\":\"https:\/\/www.maquinasombu.com.ar\/#website\"},\"datePublished\":\"2021-08-05T15:58:51+00:00\",\"dateModified\":\"2023-10-23T13:26:47+00:00\",\"breadcrumb\":{\"@id\":\"https:\/\/www.maquinasombu.com.ar\/p\/acoplado-volcador-bilateral-4-ejes\/#breadcrumb\"},\"inLanguage\":\"en-US\",\"potentialAction\":[{\"@type\":\"ReadAction\",\"target\":[\"https:\/\/www.maquinasombu.com.ar\/p\/acoplado-volcador-bilateral-4-ejes\/\"]}]},{\"@type\":\"BreadcrumbList\",\"@id\":\"https:\/\/www.maquinasombu.com.ar\/p\/acoplado-volcador-bilateral-4-ejes\/#breadcrumb\",\"itemListElement\":[{\"@type\":\"ListItem\",\"position\":1,\"name\":\"Inicio\",\"item\":\"https:\/\/www.maquinasombu.com.ar\/\"},{\"@type\":\"ListItem\",\"position\":2,\"name\":\"Productos\",\"item\":\"https:\/\/www.maquinasombu.com.ar\/productos\/\"},{\"@type\":\"ListItem\",\"position\":3,\"name\":\"Acoplado volcador bilateral &#8211; 4 ejes\"}]},{\"@type\":\"WebSite\",\"@id\":\"https:\/\/www.maquinasombu.com.ar\/#website\",\"url\":\"https:\/\/www.maquinasombu.com.ar\/\",\"name\":\"Maquinas Omb\u00fa\",\"description\":\"Maquinarias Agr\u00edcolas y Remolques\",\"publisher\":{\"@id\":\"https:\/\/www.maquinasombu.com.ar\/#organization\"},\"alternateName\":\"Maquinas Omb\u00fa\",\"potentialAction\":[{\"@type\":\"SearchAction\",\"target\":{\"@type\":\"EntryPoint\",\"urlTemplate\":\"https:\/\/www.maquinasombu.com.ar\/?s={search_term_string}\"},\"query-input\":\"required name=search_term_string\"}],\"inLanguage\":\"en-US\"},{\"@type\":\"Organization\",\"@id\":\"https:\/\/www.maquinasombu.com.ar\/#organization\",\"name\":\"Maquinas Omb\u00fa\",\"alternateName\":\"Maquinas Omb\u00fa\",\"url\":\"https:\/\/www.maquinasombu.com.ar\/\",\"logo\":{\"@type\":\"ImageObject\",\"inLanguage\":\"en-US\",\"@id\":\"https:\/\/www.maquinasombu.com.ar\/#\/schema\/logo\/image\/\",\"url\":\"https:\/\/www.maquinasombu.com.ar\/wp-content\/uploads\/2019\/08\/ombu-logo.svg\",\"contentUrl\":\"https:\/\/www.maquinasombu.com.ar\/wp-content\/uploads\/2019\/08\/ombu-logo.svg\",\"caption\":\"Maquinas Omb\u00fa\"},\"image\":{\"@id\":\"https:\/\/www.maquinasombu.com.ar\/#\/schema\/logo\/image\/\"}}]}<\/script>\n<!-- \/ Yoast SEO plugin. -->","yoast_head_json":{"title":"Acoplado volcador bilateral - 4 ejes &#187; Ombu","robots":{"index":"index","follow":"follow","max-snippet":"max-snippet:-1","max-image-preview":"max-image-preview:large","max-video-preview":"max-video-preview:-1"},"canonical":"https:\/\/www.maquinasombu.com.ar\/en\/p\/acoplado-volcador-bilateral-4-ejes\/","og_locale":"en_US","og_type":"article","og_title":"Acoplado volcador bilateral - 4 ejes &#187; Ombu","og_description":"Mayor capacidad. M\u00e1s seguridad. Mayor eficiencia.","og_url":"https:\/\/www.maquinasombu.com.ar\/en\/p\/acoplado-volcador-bilateral-4-ejes\/","og_site_name":"Ombu","article_modified_time":"2023-10-23T13:26:47+00:00","og_image":[{"width":1280,"height":840,"url":"http:\/\/www.maquinasombu.com.ar\/wp-content\/uploads\/acoplado_volcador_bilateral_ombu_4-ejes-I.jpg","type":"image\/jpeg"}],"twitter_card":"summary_large_image","twitter_misc":{"Est. reading time":"3 minutes"},"schema":{"@context":"https:\/\/schema.org","@graph":[{"@type":"WebPage","@id":"https:\/\/www.maquinasombu.com.ar\/p\/acoplado-volcador-bilateral-4-ejes\/","url":"https:\/\/www.maquinasombu.com.ar\/p\/acoplado-volcador-bilateral-4-ejes\/","name":"Acoplado volcador bilateral - 4 ejes &#187; Ombu","isPartOf":{"@id":"https:\/\/www.maquinasombu.com.ar\/#website"},"datePublished":"2021-08-05T15:58:51+00:00","dateModified":"2023-10-23T13:26:47+00:00","breadcrumb":{"@id":"https:\/\/www.maquinasombu.com.ar\/p\/acoplado-volcador-bilateral-4-ejes\/#breadcrumb"},"inLanguage":"en-US","potentialAction":[{"@type":"ReadAction","target":["https:\/\/www.maquinasombu.com.ar\/p\/acoplado-volcador-bilateral-4-ejes\/"]}]},{"@type":"BreadcrumbList","@id":"https:\/\/www.maquinasombu.com.ar\/p\/acoplado-volcador-bilateral-4-ejes\/#breadcrumb","itemListElement":[{"@type":"ListItem","position":1,"name":"Inicio","item":"https:\/\/www.maquinasombu.com.ar\/"},{"@type":"ListItem","position":2,"name":"Productos","item":"https:\/\/www.maquinasombu.com.ar\/productos\/"},{"@type":"ListItem","position":3,"name":"Acoplado volcador bilateral &#8211; 4 ejes"}]},{"@type":"WebSite","@id":"https:\/\/www.maquinasombu.com.ar\/#website","url":"https:\/\/www.maquinasombu.com.ar\/","name":"Maquinas Omb\u00fa","description":"Maquinarias Agr\u00edcolas y Remolques","publisher":{"@id":"https:\/\/www.maquinasombu.com.ar\/#organization"},"alternateName":"Maquinas Omb\u00fa","potentialAction":[{"@type":"SearchAction","target":{"@type":"EntryPoint","urlTemplate":"https:\/\/www.maquinasombu.com.ar\/?s={search_term_string}"},"query-input":"required name=search_term_string"}],"inLanguage":"en-US"},{"@type":"Organization","@id":"https:\/\/www.maquinasombu.com.ar\/#organization","name":"Maquinas Omb\u00fa","alternateName":"Maquinas Omb\u00fa","url":"https:\/\/www.maquinasombu.com.ar\/","logo":{"@type":"ImageObject","inLanguage":"en-US","@id":"https:\/\/www.maquinasombu.com.ar\/#\/schema\/logo\/image\/","url":"https:\/\/www.maquinasombu.com.ar\/wp-content\/uploads\/2019\/08\/ombu-logo.svg","contentUrl":"https:\/\/www.maquinasombu.com.ar\/wp-content\/uploads\/2019\/08\/ombu-logo.svg","caption":"Maquinas Omb\u00fa"},"image":{"@id":"https:\/\/www.maquinasombu.com.ar\/#\/schema\/logo\/image\/"}}]}},"_links":{"self":[{"href":"https:\/\/www.maquinasombu.com.ar\/en\/wp-json\/wp\/v2\/product\/7543","targetHints":{"allow":["GET"]}}],"collection":[{"href":"https:\/\/www.maquinasombu.com.ar\/en\/wp-json\/wp\/v2\/product"}],"about":[{"href":"https:\/\/www.maquinasombu.com.ar\/en\/wp-json\/wp\/v2\/types\/product"}],"version-history":[{"count":2,"href":"https:\/\/www.maquinasombu.com.ar\/en\/wp-json\/wp\/v2\/product\/7543\/revisions"}],"predecessor-version":[{"id":12238,"href":"https:\/\/www.maquinasombu.com.ar\/en\/wp-json\/wp\/v2\/product\/7543\/revisions\/12238"}],"wp:featuredmedia":[{"embeddable":true,"href":"https:\/\/www.maquinasombu.com.ar\/en\/wp-json\/wp\/v2\/media\/7544"}],"wp:attachment":[{"href":"https:\/\/www.maquinasombu.com.ar\/en\/wp-json\/wp\/v2\/media?parent=7543"}],"wp:term":[{"taxonomy":"product_brand","embeddable":true,"href":"https:\/\/www.maquinasombu.com.ar\/en\/wp-json\/wp\/v2\/product_brand?post=7543"},{"taxonomy":"product_cat","embeddable":true,"href":"https:\/\/www.maquinasombu.com.ar\/en\/wp-json\/wp\/v2\/product_cat?post=7543"},{"taxonomy":"product_tag","embeddable":true,"href":"https:\/\/www.maquinasombu.com.ar\/en\/wp-json\/wp\/v2\/product_tag?post=7543"}],"curies":[{"name":"wp","href":"https:\/\/api.w.org\/{rel}","templated":true}]}}